{"id":675,"date":"2025-09-20T11:23:27","date_gmt":"2025-09-20T11:23:27","guid":{"rendered":"https:\/\/l-ci.be\/?page_id=675"},"modified":"2025-09-20T11:40:56","modified_gmt":"2025-09-20T11:40:56","slug":"isoleren-in-oost-vlaanderen","status":"publish","type":"page","link":"https:\/\/l-ci.be\/fr\/isoleren-in-oost-vlaanderen\/","title":{"rendered":"Isoleren in Oost-Vlaanderen"},"content":{"rendered":"<div data-elementor-type=\"wp-page\" data-elementor-id=\"675\" class=\"elementor elementor-675\" data-elementor-post-type=\"page\">\n\t\t\t\t<div class=\"elementor-element elementor-element-d300207 e-flex e-con-boxed e-con e-parent\" data-id=\"d300207\" data-element_type=\"container\" data-settings=\"{&quot;background_background&quot;:&quot;classic&quot;}\">\n\t\t\t\t\t<div class=\"e-con-inner\">\n\t\t\t\t<div class=\"elementor-element elementor-element-0d3b316 elementor-widget elementor-widget-heading\" data-id=\"0d3b316\" data-element_type=\"widget\" data-widget_type=\"heading.default\">\n\t\t\t\t<div class=\"elementor-widget-container\">\n\t\t\t\t\t<h1 class=\"elementor-heading-title elementor-size-default\">Isoleren in Oost-Vlaanderen<\/h1>\t\t\t\t<\/div>\n\t\t\t\t<\/div>\n\t\t\t\t\t<\/div>\n\t\t\t\t<\/div>\n\t\t<div class=\"elementor-element elementor-element-f9f0ba1 e-flex e-con-boxed e-con e-parent\" data-id=\"f9f0ba1\" data-element_type=\"container\">\n\t\t\t\t\t<div class=\"e-con-inner\">\n\t\t<div class=\"elementor-element elementor-element-3efc5e7 e-con-full e-flex e-con e-child\" data-id=\"3efc5e7\" data-element_type=\"container\">\n\t\t<div class=\"elementor-element elementor-element-a6aaa2c e-con-full e-flex e-con e-child\" data-id=\"a6aaa2c\" data-element_type=\"container\">\n\t\t<div class=\"elementor-element elementor-element-ff2c0cc e-con-full e-flex e-con e-child\" data-id=\"ff2c0cc\" data-element_type=\"container\" data-settings=\"{&quot;background_background&quot;:&quot;classic&quot;}\">\n\t\t\t\t<div class=\"elementor-element elementor-element-635b667 elementor-widget__width-initial elementor-icon-list--layout-traditional elementor-list-item-link-full_width elementor-widget elementor-widget-icon-list\" data-id=\"635b667\" data-element_type=\"widget\" data-widget_type=\"icon-list.default\">\n\t\t\t\t<div class=\"elementor-widget-container\">\n\t\t\t\t\t\t\t<ul class=\"elementor-icon-list-items\">\n\t\t\t\t\t\t\t<li class=\"elementor-icon-list-item\">\n\t\t\t\t\t\t\t\t\t\t\t<a href=\"https:\/luchtdichtingtest\/\">\n\n\t\t\t\t\t\t\t\t\t\t\t\t<span class=\"elementor-icon-list-icon\">\n\t\t\t\t\t\t\t<svg aria-hidden=\"true\" class=\"e-font-icon-svg e-fas-arrow-circle-right\" viewbox=\"0 0 512 512\" xmlns=\"http:\/\/www.w3.org\/2000\/svg\"><path d=\"M256 8c137 0 248 111 248 248S393 504 256 504 8 393 8 256 119 8 256 8zm-28.9 143.6l75.5 72.4H120c-13.3 0-24 10.7-24 24v16c0 13.3 10.7 24 24 24h182.6l-75.5 72.4c-9.7 9.3-9.9 24.8-.4 34.3l11 10.9c9.4 9.4 24.6 9.4 33.9 0L404.3 273c9.4-9.4 9.4-24.6 0-33.9L271.6 106.3c-9.4-9.4-24.6-9.4-33.9 0l-11 10.9c-9.5 9.6-9.3 25.1.4 34.4z\"><\/path><\/svg>\t\t\t\t\t\t<\/span>\n\t\t\t\t\t\t\t\t\t\t<span class=\"elementor-icon-list-text\">Test d'\u00e9tanch\u00e9it\u00e9 \u00e0 l'air<\/span>\n\t\t\t\t\t\t\t\t\t\t\t<\/a>\n\t\t\t\t\t\t\t\t\t<\/li>\n\t\t\t\t\t\t\t\t<li class=\"elementor-icon-list-item\">\n\t\t\t\t\t\t\t\t\t\t\t<a href=\"https:\/waterdichting\/\">\n\n\t\t\t\t\t\t\t\t\t\t\t\t<span class=\"elementor-icon-list-icon\">\n\t\t\t\t\t\t\t<svg aria-hidden=\"true\" class=\"e-font-icon-svg e-fas-arrow-circle-right\" viewbox=\"0 0 512 512\" xmlns=\"http:\/\/www.w3.org\/2000\/svg\"><path d=\"M256 8c137 0 248 111 248 248S393 504 256 504 8 393 8 256 119 8 256 8zm-28.9 143.6l75.5 72.4H120c-13.3 0-24 10.7-24 24v16c0 13.3 10.7 24 24 24h182.6l-75.5 72.4c-9.7 9.3-9.9 24.8-.4 34.3l11 10.9c9.4 9.4 24.6 9.4 33.9 0L404.3 273c9.4-9.4 9.4-24.6 0-33.9L271.6 106.3c-9.4-9.4-24.6-9.4-33.9 0l-11 10.9c-9.5 9.6-9.3 25.1.4 34.4z\"><\/path><\/svg>\t\t\t\t\t\t<\/span>\n\t\t\t\t\t\t\t\t\t\t<span class=\"elementor-icon-list-text\">\u00c9tanch\u00e9it\u00e9<\/span>\n\t\t\t\t\t\t\t\t\t\t\t<\/a>\n\t\t\t\t\t\t\t\t\t<\/li>\n\t\t\t\t\t\t\t\t<li class=\"elementor-icon-list-item\">\n\t\t\t\t\t\t\t\t\t\t\t<a href=\"https:\/passive-house-expertise\/\">\n\n\t\t\t\t\t\t\t\t\t\t\t\t<span class=\"elementor-icon-list-icon\">\n\t\t\t\t\t\t\t<svg aria-hidden=\"true\" class=\"e-font-icon-svg e-fas-arrow-circle-right\" viewbox=\"0 0 512 512\" xmlns=\"http:\/\/www.w3.org\/2000\/svg\"><path d=\"M256 8c137 0 248 111 248 248S393 504 256 504 8 393 8 256 119 8 256 8zm-28.9 143.6l75.5 72.4H120c-13.3 0-24 10.7-24 24v16c0 13.3 10.7 24 24 24h182.6l-75.5 72.4c-9.7 9.3-9.9 24.8-.4 34.3l11 10.9c9.4 9.4 24.6 9.4 33.9 0L404.3 273c9.4-9.4 9.4-24.6 0-33.9L271.6 106.3c-9.4-9.4-24.6-9.4-33.9 0l-11 10.9c-9.5 9.6-9.3 25.1.4 34.4z\"><\/path><\/svg>\t\t\t\t\t\t<\/span>\n\t\t\t\t\t\t\t\t\t\t<span class=\"elementor-icon-list-text\">Expertise en maison passive<\/span>\n\t\t\t\t\t\t\t\t\t\t\t<\/a>\n\t\t\t\t\t\t\t\t\t<\/li>\n\t\t\t\t\t\t\t\t<li class=\"elementor-icon-list-item\">\n\t\t\t\t\t\t\t\t\t\t\t<a href=\"https:\/voorbereiding-voor-pur-isolatie\/\">\n\n\t\t\t\t\t\t\t\t\t\t\t\t<span class=\"elementor-icon-list-icon\">\n\t\t\t\t\t\t\t<svg aria-hidden=\"true\" class=\"e-font-icon-svg e-fas-arrow-circle-right\" viewbox=\"0 0 512 512\" xmlns=\"http:\/\/www.w3.org\/2000\/svg\"><path d=\"M256 8c137 0 248 111 248 248S393 504 256 504 8 393 8 256 119 8 256 8zm-28.9 143.6l75.5 72.4H120c-13.3 0-24 10.7-24 24v16c0 13.3 10.7 24 24 24h182.6l-75.5 72.4c-9.7 9.3-9.9 24.8-.4 34.3l11 10.9c9.4 9.4 24.6 9.4 33.9 0L404.3 273c9.4-9.4 9.4-24.6 0-33.9L271.6 106.3c-9.4-9.4-24.6-9.4-33.9 0l-11 10.9c-9.5 9.6-9.3 25.1.4 34.4z\"><\/path><\/svg>\t\t\t\t\t\t<\/span>\n\t\t\t\t\t\t\t\t\t\t<span class=\"elementor-icon-list-text\">Pr\u00e9paration pour l'isolation PUR<\/span>\n\t\t\t\t\t\t\t\t\t\t\t<\/a>\n\t\t\t\t\t\t\t\t\t<\/li>\n\t\t\t\t\t\t\t\t<li class=\"elementor-icon-list-item\">\n\t\t\t\t\t\t\t\t\t\t\t<a href=\"https:\/cleaning-service\/\">\n\n\t\t\t\t\t\t\t\t\t\t\t\t<span class=\"elementor-icon-list-icon\">\n\t\t\t\t\t\t\t<svg aria-hidden=\"true\" class=\"e-font-icon-svg e-fas-arrow-circle-right\" viewbox=\"0 0 512 512\" xmlns=\"http:\/\/www.w3.org\/2000\/svg\"><path d=\"M256 8c137 0 248 111 248 248S393 504 256 504 8 393 8 256 119 8 256 8zm-28.9 143.6l75.5 72.4H120c-13.3 0-24 10.7-24 24v16c0 13.3 10.7 24 24 24h182.6l-75.5 72.4c-9.7 9.3-9.9 24.8-.4 34.3l11 10.9c9.4 9.4 24.6 9.4 33.9 0L404.3 273c9.4-9.4 9.4-24.6 0-33.9L271.6 106.3c-9.4-9.4-24.6-9.4-33.9 0l-11 10.9c-9.5 9.6-9.3 25.1.4 34.4z\"><\/path><\/svg>\t\t\t\t\t\t<\/span>\n\t\t\t\t\t\t\t\t\t\t<span class=\"elementor-icon-list-text\">Service de nettoyage<\/span>\n\t\t\t\t\t\t\t\t\t\t\t<\/a>\n\t\t\t\t\t\t\t\t\t<\/li>\n\t\t\t\t\t\t\t\t<li class=\"elementor-icon-list-item\">\n\t\t\t\t\t\t\t\t\t\t\t<a href=\"https:\/luchtdichting\/\">\n\n\t\t\t\t\t\t\t\t\t\t\t\t<span class=\"elementor-icon-list-icon\">\n\t\t\t\t\t\t\t<svg aria-hidden=\"true\" class=\"e-font-icon-svg e-fas-arrow-circle-right\" viewbox=\"0 0 512 512\" xmlns=\"http:\/\/www.w3.org\/2000\/svg\"><path d=\"M256 8c137 0 248 111 248 248S393 504 256 504 8 393 8 256 119 8 256 8zm-28.9 143.6l75.5 72.4H120c-13.3 0-24 10.7-24 24v16c0 13.3 10.7 24 24 24h182.6l-75.5 72.4c-9.7 9.3-9.9 24.8-.4 34.3l11 10.9c9.4 9.4 24.6 9.4 33.9 0L404.3 273c9.4-9.4 9.4-24.6 0-33.9L271.6 106.3c-9.4-9.4-24.6-9.4-33.9 0l-11 10.9c-9.5 9.6-9.3 25.1.4 34.4z\"><\/path><\/svg>\t\t\t\t\t\t<\/span>\n\t\t\t\t\t\t\t\t\t\t<span class=\"elementor-icon-list-text\">\u00c9tanch\u00e9it\u00e9 \u00e0 l'air<\/span>\n\t\t\t\t\t\t\t\t\t\t\t<\/a>\n\t\t\t\t\t\t\t\t\t<\/li>\n\t\t\t\t\t\t\t\t<li class=\"elementor-icon-list-item\">\n\t\t\t\t\t\t\t\t\t\t\t<span class=\"elementor-icon-list-icon\">\n\t\t\t\t\t\t\t<svg aria-hidden=\"true\" class=\"e-font-icon-svg e-fas-arrow-circle-right\" viewbox=\"0 0 512 512\" xmlns=\"http:\/\/www.w3.org\/2000\/svg\"><path d=\"M256 8c137 0 248 111 248 248S393 504 256 504 8 393 8 256 119 8 256 8zm-28.9 143.6l75.5 72.4H120c-13.3 0-24 10.7-24 24v16c0 13.3 10.7 24 24 24h182.6l-75.5 72.4c-9.7 9.3-9.9 24.8-.4 34.3l11 10.9c9.4 9.4 24.6 9.4 33.9 0L404.3 273c9.4-9.4 9.4-24.6 0-33.9L271.6 106.3c-9.4-9.4-24.6-9.4-33.9 0l-11 10.9c-9.5 9.6-9.3 25.1.4 34.4z\"><\/path><\/svg>\t\t\t\t\t\t<\/span>\n\t\t\t\t\t\t\t\t\t\t<span class=\"elementor-icon-list-text\">Isolation<\/span>\n\t\t\t\t\t\t\t\t\t<\/li>\n\t\t\t\t\t\t<\/ul>\n\t\t\t\t\t\t<\/div>\n\t\t\t\t<\/div>\n\t\t\t\t<\/div>\n\t\t<div class=\"elementor-element elementor-element-ca7436a e-con-full e-flex e-con e-child\" data-id=\"ca7436a\" data-element_type=\"container\" data-settings=\"{&quot;background_background&quot;:&quot;classic&quot;}\">\n\t\t\t\t<div class=\"elementor-element elementor-element-31a7ab3 elementor-widget elementor-widget-heading\" data-id=\"31a7ab3\" data-element_type=\"widget\" data-widget_type=\"heading.default\">\n\t\t\t\t<div class=\"elementor-widget-container\">\n\t\t\t\t\t<h4 class=\"elementor-heading-title elementor-size-default\">Demande de devis<\/h4>\t\t\t\t<\/div>\n\t\t\t\t<\/div>\n\t\t\t\t<div class=\"elementor-element elementor-element-d98ff64 elementor-widget elementor-widget-text-editor\" data-id=\"d98ff64\" data-element_type=\"widget\" data-widget_type=\"text-editor.default\">\n\t\t\t\t<div class=\"elementor-widget-container\">\n\t\t\t\t\t\t\t\t\t<p>Demandez un devis sans engagement via notre formulaire de contact et nous vous r\u00e9pondrons dans les plus brefs d\u00e9lais !<\/p>\t\t\t\t\t\t\t\t<\/div>\n\t\t\t\t<\/div>\n\t\t\t\t<div class=\"elementor-element elementor-element-648abb1 elementor-mobile-align-center elementor-align-center elementor-widget elementor-widget-button\" data-id=\"648abb1\" data-element_type=\"widget\" data-widget_type=\"button.default\">\n\t\t\t\t<div class=\"elementor-widget-container\">\n\t\t\t\t\t\t\t\t\t<div class=\"elementor-button-wrapper\">\n\t\t\t\t\t<a class=\"elementor-button elementor-button-link elementor-size-sm\" href=\"https:\/contact\/\">\n\t\t\t\t\t\t<span class=\"elementor-button-content-wrapper\">\n\t\t\t\t\t\t\t\t\t<span class=\"elementor-button-text\">Contact<\/span>\n\t\t\t\t\t<\/span>\n\t\t\t\t\t<\/a>\n\t\t\t\t<\/div>\n\t\t\t\t\t\t\t\t<\/div>\n\t\t\t\t<\/div>\n\t\t\t\t<\/div>\n\t\t\t\t<\/div>\n\t\t<div class=\"elementor-element elementor-element-1c24314 e-con-full e-flex e-con e-child\" data-id=\"1c24314\" data-element_type=\"container\">\n\t\t\t\t<div class=\"elementor-element elementor-element-66ca823 elementor-widget elementor-widget-heading\" data-id=\"66ca823\" data-element_type=\"widget\" data-widget_type=\"heading.default\">\n\t\t\t\t<div class=\"elementor-widget-container\">\n\t\t\t\t\t<h2 class=\"elementor-heading-title elementor-size-default\">Isoleren in Oost-Vlaanderen met L-ci<\/h2>\t\t\t\t<\/div>\n\t\t\t\t<\/div>\n\t\t\t\t<div class=\"elementor-element elementor-element-0729ccf elementor-widget elementor-widget-text-editor\" data-id=\"0729ccf\" data-element_type=\"widget\" data-widget_type=\"text-editor.default\">\n\t\t\t\t<div class=\"elementor-widget-container\">\n\t\t\t\t\t\t\t\t\t<p data-start=\"899\" data-end=\"1201\">Chez <strong data-start=\"903\" data-end=\"911\">L-ci<\/strong> geloven we dat een goed ge\u00efsoleerde woning de basis is voor comfort \u00e9n lagere energiekosten. Onze isolatiespecialisten staan klaar om woningen en bedrijven in heel <strong data-start=\"1076\" data-end=\"1095\">Oost-Vlaanderen<\/strong> energiezuiniger en duurzamer te maken, met de juiste materialen, vakkundige plaatsing en advies op maat.<\/p>\t\t\t\t\t\t\t\t<\/div>\n\t\t\t\t<\/div>\n\t\t\t\t<div class=\"elementor-element elementor-element-3d84fcb elementor-widget elementor-widget-image\" data-id=\"3d84fcb\" data-element_type=\"widget\" data-widget_type=\"image.default\">\n\t\t\t\t<div class=\"elementor-widget-container\">\n\t\t\t\t\t\t\t\t\t\t\t\t\t\t\t<img fetchpriority=\"high\" decoding=\"async\" width=\"1024\" height=\"682\" src=\"https:\/\/l-ci.be\/wp-content\/uploads\/2025\/02\/LCI-6.jpg\" class=\"attachment-full size-full wp-image-583\" alt=\"\" srcset=\"https:\/\/l-ci.be\/wp-content\/uploads\/2025\/02\/LCI-6.jpg 1024w, https:\/\/l-ci.be\/wp-content\/uploads\/2025\/02\/LCI-6-300x200.jpg 300w, https:\/\/l-ci.be\/wp-content\/uploads\/2025\/02\/LCI-6-768x512.jpg 768w\" sizes=\"(max-width: 1024px) 100vw, 1024px\" \/>\t\t\t\t\t\t\t\t\t\t\t\t\t\t\t<\/div>\n\t\t\t\t<\/div>\n\t\t\t\t<div class=\"elementor-element elementor-element-18ba744 elementor-widget elementor-widget-heading\" data-id=\"18ba744\" data-element_type=\"widget\" data-widget_type=\"heading.default\">\n\t\t\t\t<div class=\"elementor-widget-container\">\n\t\t\t\t\t<h4 class=\"elementor-heading-title elementor-size-default\">Pourquoi choisir L-ci ?<\/h4>\t\t\t\t<\/div>\n\t\t\t\t<\/div>\n\t\t\t\t<div class=\"elementor-element elementor-element-0b4c565 elementor-widget elementor-widget-text-editor\" data-id=\"0b4c565\" data-element_type=\"widget\" data-widget_type=\"text-editor.default\">\n\t\t\t\t<div class=\"elementor-widget-container\">\n\t\t\t\t\t\t\t\t\t<p data-start=\"3382\" data-end=\"3473\"><strong data-start=\"3382\" data-end=\"3409\">Ervaring en vakmanschap<\/strong>: Jarenlange expertise in isolatieprojecten in Oost-Vlaanderen<\/p><p data-start=\"3476\" data-end=\"3574\"><strong data-start=\"3476\" data-end=\"3499\">Duurzame materialen<\/strong>: We werken enkel met hoogwaardige, energie-effici\u00ebnte isolatiematerialen<\/p><p data-start=\"3577\" data-end=\"3651\"><strong data-start=\"3577\" data-end=\"3602\">Volledige begeleiding<\/strong>: Van advies en plaatsing tot premies en nazorg<\/p><p data-start=\"3654\" data-end=\"3734\"><strong data-start=\"3654\" data-end=\"3677\">Persoonlijke aanpak<\/strong>: Elke woning is anders, wij bieden oplossingen op maat<\/p>\t\t\t\t\t\t\t\t<\/div>\n\t\t\t\t<\/div>\n\t\t\t\t<div class=\"elementor-element elementor-element-03bffb4 elementor-widget elementor-widget-heading\" data-id=\"03bffb4\" data-element_type=\"widget\" data-widget_type=\"heading.default\">\n\t\t\t\t<div class=\"elementor-widget-container\">\n\t\t\t\t\t<h4 class=\"elementor-heading-title elementor-size-default\">Offerte voor isoleren in Oost-Vlaanderen aanvragen<\/h4>\t\t\t\t<\/div>\n\t\t\t\t<\/div>\n\t\t\t\t<div class=\"elementor-element elementor-element-1a9b25a elementor-widget elementor-widget-text-editor\" data-id=\"1a9b25a\" data-element_type=\"widget\" data-widget_type=\"text-editor.default\">\n\t\t\t\t<div class=\"elementor-widget-container\">\n\t\t\t\t\t\t\t\t\t<p data-pm-slice=\"1 1 []\">Wil je jouw woning in <strong data-start=\"4305\" data-end=\"4324\">Oost-Vlaanderen<\/strong> isoleren met de hulp van experts? Neem vandaag nog contact op met <strong data-start=\"4391\" data-end=\"4399\">L-ci<\/strong> voor gratis advies en een vrijblijvende offerte.<\/p>\t\t\t\t\t\t\t\t<\/div>\n\t\t\t\t<\/div>\n\t\t\t\t<\/div>\n\t\t\t\t<\/div>\n\t\t\t\t\t<\/div>\n\t\t\t\t<\/div>\n\t\t\t\t<\/div>","protected":false},"excerpt":{"rendered":"<p>Isoleren in Oost-Vlaanderen Luchtdichtingtest Waterdichting Passive house expertise Voorbereiding voor PUR-isolatie Cleaning service Luchtdichting Isolatie Vraag een offerte Vraag vrijblijvend een offerte aan via ons contactformulier en wij nemen zo snel mogelijk contact met u op! Contact Isoleren in Oost-Vlaanderen met L-ci Bij L-ci geloven we dat een goed ge\u00efsoleerde woning de basis is voor [&hellip;]<\/p>","protected":false},"author":1,"featured_media":0,"parent":0,"menu_order":0,"comment_status":"closed","ping_status":"closed","template":"","meta":{"footnotes":""},"class_list":["post-675","page","type-page","status-publish","hentry"],"yoast_head":"<!-- This site is optimized with the Yoast SEO plugin v26.0 - https:\/\/yoast.com\/wordpress\/plugins\/seo\/ -->\n<title>Isoleren in Oost-Vlaanderen | L-CI<\/title>\n<meta name=\"description\" content=\"Isoleren in Oost-Vlaanderen? Verlaag uw energiekosten en verhoog uw wooncomfort met hoogwaardige isolatie van L-CI.\" \/>\n<meta name=\"robots\" content=\"index, follow, max-snippet:-1, max-image-preview:large, max-video-preview:-1\" \/>\n<link rel=\"canonical\" href=\"https:\/\/l-ci.be\/fr\/isoleren-in-oost-vlaanderen\/\" \/>\n<meta property=\"og:locale\" content=\"fr_FR\" \/>\n<meta property=\"og:type\" content=\"article\" \/>\n<meta property=\"og:title\" content=\"Isoleren in Oost-Vlaanderen | L-CI\" \/>\n<meta property=\"og:description\" content=\"Isoleren in Oost-Vlaanderen? Verlaag uw energiekosten en verhoog uw wooncomfort met hoogwaardige isolatie van L-CI.\" \/>\n<meta property=\"og:url\" content=\"https:\/\/l-ci.be\/fr\/isoleren-in-oost-vlaanderen\/\" \/>\n<meta property=\"og:site_name\" content=\"Lci\" \/>\n<meta property=\"article:modified_time\" content=\"2025-09-20T11:40:56+00:00\" \/>\n<meta property=\"og:image\" content=\"http:\/\/l-ci.be\/wp-content\/uploads\/2025\/02\/LCI-6.jpg\" \/>\n<meta name=\"twitter:card\" content=\"summary_large_image\" \/>\n<meta name=\"twitter:label1\" content=\"Dur\u00e9e de lecture estim\u00e9e\" \/>\n\t<meta name=\"twitter:data1\" content=\"1 minute\" \/>\n<script type=\"application\/ld+json\" class=\"yoast-schema-graph\">{\"@context\":\"https:\/\/schema.org\",\"@graph\":[{\"@type\":\"WebPage\",\"@id\":\"https:\/\/l-ci.be\/fr\/isoleren-in-oost-vlaanderen\/\",\"url\":\"https:\/\/l-ci.be\/fr\/isoleren-in-oost-vlaanderen\/\",\"name\":\"Isoleren in Oost-Vlaanderen | L-CI\",\"isPartOf\":{\"@id\":\"https:\/\/wheat-eagle-680853.hostingersite.com\/fr\/#website\"},\"primaryImageOfPage\":{\"@id\":\"https:\/\/l-ci.be\/fr\/isoleren-in-oost-vlaanderen\/#primaryimage\"},\"image\":{\"@id\":\"https:\/\/l-ci.be\/fr\/isoleren-in-oost-vlaanderen\/#primaryimage\"},\"thumbnailUrl\":\"http:\/\/l-ci.be\/wp-content\/uploads\/2025\/02\/LCI-6.jpg\",\"datePublished\":\"2025-09-20T11:23:27+00:00\",\"dateModified\":\"2025-09-20T11:40:56+00:00\",\"description\":\"Isoleren in Oost-Vlaanderen? Verlaag uw energiekosten en verhoog uw wooncomfort met hoogwaardige isolatie van L-CI.\",\"breadcrumb\":{\"@id\":\"https:\/\/l-ci.be\/fr\/isoleren-in-oost-vlaanderen\/#breadcrumb\"},\"inLanguage\":\"fr-FR\",\"potentialAction\":[{\"@type\":\"ReadAction\",\"target\":[\"https:\/\/l-ci.be\/fr\/isoleren-in-oost-vlaanderen\/\"]}]},{\"@type\":\"ImageObject\",\"inLanguage\":\"fr-FR\",\"@id\":\"https:\/\/l-ci.be\/fr\/isoleren-in-oost-vlaanderen\/#primaryimage\",\"url\":\"http:\/\/l-ci.be\/wp-content\/uploads\/2025\/02\/LCI-6.jpg\",\"contentUrl\":\"http:\/\/l-ci.be\/wp-content\/uploads\/2025\/02\/LCI-6.jpg\"},{\"@type\":\"BreadcrumbList\",\"@id\":\"https:\/\/l-ci.be\/fr\/isoleren-in-oost-vlaanderen\/#breadcrumb\",\"itemListElement\":[{\"@type\":\"ListItem\",\"position\":1,\"name\":\"Home\",\"item\":\"https:\/\/wheat-eagle-680853.hostingersite.com\/fr\/\"},{\"@type\":\"ListItem\",\"position\":2,\"name\":\"Isoleren in Oost-Vlaanderen\"}]},{\"@type\":\"WebSite\",\"@id\":\"https:\/\/wheat-eagle-680853.hostingersite.com\/fr\/#website\",\"url\":\"https:\/\/wheat-eagle-680853.hostingersite.com\/fr\/\",\"name\":\"Lci\",\"description\":\"Lci isolatiewerken\",\"potentialAction\":[{\"@type\":\"SearchAction\",\"target\":{\"@type\":\"EntryPoint\",\"urlTemplate\":\"https:\/\/wheat-eagle-680853.hostingersite.com\/fr\/?s={search_term_string}\"},\"query-input\":{\"@type\":\"PropertyValueSpecification\",\"valueRequired\":true,\"valueName\":\"search_term_string\"}}],\"inLanguage\":\"fr-FR\"}]}<\/script>\n<!-- \/ Yoast SEO plugin. -->","yoast_head_json":{"title":"Isoleren in Oost-Vlaanderen | L-CI","description":"Isoleren in Oost-Vlaanderen? Verlaag uw energiekosten en verhoog uw wooncomfort met hoogwaardige isolatie van L-CI.","robots":{"index":"index","follow":"follow","max-snippet":"max-snippet:-1","max-image-preview":"max-image-preview:large","max-video-preview":"max-video-preview:-1"},"canonical":"https:\/\/l-ci.be\/fr\/isoleren-in-oost-vlaanderen\/","og_locale":"fr_FR","og_type":"article","og_title":"Isoleren in Oost-Vlaanderen | L-CI","og_description":"Isoleren in Oost-Vlaanderen? Verlaag uw energiekosten en verhoog uw wooncomfort met hoogwaardige isolatie van L-CI.","og_url":"https:\/\/l-ci.be\/fr\/isoleren-in-oost-vlaanderen\/","og_site_name":"Lci","article_modified_time":"2025-09-20T11:40:56+00:00","og_image":[{"url":"http:\/\/l-ci.be\/wp-content\/uploads\/2025\/02\/LCI-6.jpg","type":"","width":"","height":""}],"twitter_card":"summary_large_image","twitter_misc":{"Dur\u00e9e de lecture estim\u00e9e":"1 minute"},"schema":{"@context":"https:\/\/schema.org","@graph":[{"@type":"WebPage","@id":"https:\/\/l-ci.be\/fr\/isoleren-in-oost-vlaanderen\/","url":"https:\/\/l-ci.be\/fr\/isoleren-in-oost-vlaanderen\/","name":"Isoleren in Oost-Vlaanderen | L-CI","isPartOf":{"@id":"https:\/\/wheat-eagle-680853.hostingersite.com\/fr\/#website"},"primaryImageOfPage":{"@id":"https:\/\/l-ci.be\/fr\/isoleren-in-oost-vlaanderen\/#primaryimage"},"image":{"@id":"https:\/\/l-ci.be\/fr\/isoleren-in-oost-vlaanderen\/#primaryimage"},"thumbnailUrl":"http:\/\/l-ci.be\/wp-content\/uploads\/2025\/02\/LCI-6.jpg","datePublished":"2025-09-20T11:23:27+00:00","dateModified":"2025-09-20T11:40:56+00:00","description":"Isoleren in Oost-Vlaanderen? Verlaag uw energiekosten en verhoog uw wooncomfort met hoogwaardige isolatie van L-CI.","breadcrumb":{"@id":"https:\/\/l-ci.be\/fr\/isoleren-in-oost-vlaanderen\/#breadcrumb"},"inLanguage":"fr-FR","potentialAction":[{"@type":"ReadAction","target":["https:\/\/l-ci.be\/fr\/isoleren-in-oost-vlaanderen\/"]}]},{"@type":"ImageObject","inLanguage":"fr-FR","@id":"https:\/\/l-ci.be\/fr\/isoleren-in-oost-vlaanderen\/#primaryimage","url":"http:\/\/l-ci.be\/wp-content\/uploads\/2025\/02\/LCI-6.jpg","contentUrl":"http:\/\/l-ci.be\/wp-content\/uploads\/2025\/02\/LCI-6.jpg"},{"@type":"BreadcrumbList","@id":"https:\/\/l-ci.be\/fr\/isoleren-in-oost-vlaanderen\/#breadcrumb","itemListElement":[{"@type":"ListItem","position":1,"name":"Home","item":"https:\/\/wheat-eagle-680853.hostingersite.com\/fr\/"},{"@type":"ListItem","position":2,"name":"Isoleren in Oost-Vlaanderen"}]},{"@type":"WebSite","@id":"https:\/\/wheat-eagle-680853.hostingersite.com\/fr\/#website","url":"https:\/\/wheat-eagle-680853.hostingersite.com\/fr\/","name":"Lci","description":"Lci isolatiewerken","potentialAction":[{"@type":"SearchAction","target":{"@type":"EntryPoint","urlTemplate":"https:\/\/wheat-eagle-680853.hostingersite.com\/fr\/?s={search_term_string}"},"query-input":{"@type":"PropertyValueSpecification","valueRequired":true,"valueName":"search_term_string"}}],"inLanguage":"fr-FR"}]}},"_links":{"self":[{"href":"https:\/\/l-ci.be\/fr\/wp-json\/wp\/v2\/pages\/675","targetHints":{"allow":["GET"]}}],"collection":[{"href":"https:\/\/l-ci.be\/fr\/wp-json\/wp\/v2\/pages"}],"about":[{"href":"https:\/\/l-ci.be\/fr\/wp-json\/wp\/v2\/types\/page"}],"author":[{"embeddable":true,"href":"https:\/\/l-ci.be\/fr\/wp-json\/wp\/v2\/users\/1"}],"replies":[{"embeddable":true,"href":"https:\/\/l-ci.be\/fr\/wp-json\/wp\/v2\/comments?post=675"}],"version-history":[{"count":4,"href":"https:\/\/l-ci.be\/fr\/wp-json\/wp\/v2\/pages\/675\/revisions"}],"predecessor-version":[{"id":697,"href":"https:\/\/l-ci.be\/fr\/wp-json\/wp\/v2\/pages\/675\/revisions\/697"}],"wp:attachment":[{"href":"https:\/\/l-ci.be\/fr\/wp-json\/wp\/v2\/media?parent=675"}],"curies":[{"name":"wp","href":"https:\/\/api.w.org\/{rel}","templated":true}]}}