{"id":651,"date":"2025-07-18T06:54:33","date_gmt":"2025-07-18T06:54:33","guid":{"rendered":"https:\/\/l-ci.be\/?page_id=651"},"modified":"2025-09-20T11:30:30","modified_gmt":"2025-09-20T11:30:30","slug":"gevelisolatie-liedekerke","status":"publish","type":"page","link":"https:\/\/l-ci.be\/fr\/gevelisolatie-liedekerke\/","title":{"rendered":"Gevelisolatie Liedekerke"},"content":{"rendered":"<div data-elementor-type=\"wp-page\" data-elementor-id=\"651\" class=\"elementor elementor-651\" data-elementor-post-type=\"page\">\n\t\t\t\t<div class=\"elementor-element elementor-element-c0c5203 e-flex e-con-boxed e-con e-parent\" data-id=\"c0c5203\" data-element_type=\"container\" data-settings=\"{&quot;background_background&quot;:&quot;classic&quot;}\">\n\t\t\t\t\t<div class=\"e-con-inner\">\n\t\t\t\t<div class=\"elementor-element elementor-element-69141f9 elementor-widget elementor-widget-heading\" data-id=\"69141f9\" data-element_type=\"widget\" data-widget_type=\"heading.default\">\n\t\t\t\t<div class=\"elementor-widget-container\">\n\t\t\t\t\t<h1 class=\"elementor-heading-title elementor-size-default\">Gevelisolatie in Liedekerke<\/h1>\t\t\t\t<\/div>\n\t\t\t\t<\/div>\n\t\t\t\t\t<\/div>\n\t\t\t\t<\/div>\n\t\t<div class=\"elementor-element elementor-element-e18635a e-flex e-con-boxed e-con e-parent\" data-id=\"e18635a\" data-element_type=\"container\">\n\t\t\t\t\t<div class=\"e-con-inner\">\n\t\t<div class=\"elementor-element elementor-element-cb8e02e e-con-full e-flex e-con e-child\" data-id=\"cb8e02e\" data-element_type=\"container\">\n\t\t<div class=\"elementor-element elementor-element-cc8667c e-con-full e-flex e-con e-child\" data-id=\"cc8667c\" data-element_type=\"container\">\n\t\t<div class=\"elementor-element elementor-element-068bcc0 e-con-full e-flex e-con e-child\" data-id=\"068bcc0\" data-element_type=\"container\" data-settings=\"{&quot;background_background&quot;:&quot;classic&quot;}\">\n\t\t\t\t<div class=\"elementor-element elementor-element-d1112a3 elementor-widget__width-initial elementor-icon-list--layout-traditional elementor-list-item-link-full_width elementor-widget elementor-widget-icon-list\" data-id=\"d1112a3\" data-element_type=\"widget\" data-widget_type=\"icon-list.default\">\n\t\t\t\t<div class=\"elementor-widget-container\">\n\t\t\t\t\t\t\t<ul class=\"elementor-icon-list-items\">\n\t\t\t\t\t\t\t<li class=\"elementor-icon-list-item\">\n\t\t\t\t\t\t\t\t\t\t\t<a href=\"https:\/luchtdichtingtest\/\">\n\n\t\t\t\t\t\t\t\t\t\t\t\t<span class=\"elementor-icon-list-icon\">\n\t\t\t\t\t\t\t<svg aria-hidden=\"true\" class=\"e-font-icon-svg e-fas-arrow-circle-right\" viewbox=\"0 0 512 512\" xmlns=\"http:\/\/www.w3.org\/2000\/svg\"><path d=\"M256 8c137 0 248 111 248 248S393 504 256 504 8 393 8 256 119 8 256 8zm-28.9 143.6l75.5 72.4H120c-13.3 0-24 10.7-24 24v16c0 13.3 10.7 24 24 24h182.6l-75.5 72.4c-9.7 9.3-9.9 24.8-.4 34.3l11 10.9c9.4 9.4 24.6 9.4 33.9 0L404.3 273c9.4-9.4 9.4-24.6 0-33.9L271.6 106.3c-9.4-9.4-24.6-9.4-33.9 0l-11 10.9c-9.5 9.6-9.3 25.1.4 34.4z\"><\/path><\/svg>\t\t\t\t\t\t<\/span>\n\t\t\t\t\t\t\t\t\t\t<span class=\"elementor-icon-list-text\">Test d'\u00e9tanch\u00e9it\u00e9 \u00e0 l'air<\/span>\n\t\t\t\t\t\t\t\t\t\t\t<\/a>\n\t\t\t\t\t\t\t\t\t<\/li>\n\t\t\t\t\t\t\t\t<li class=\"elementor-icon-list-item\">\n\t\t\t\t\t\t\t\t\t\t\t<a href=\"https:\/waterdichting\/\">\n\n\t\t\t\t\t\t\t\t\t\t\t\t<span class=\"elementor-icon-list-icon\">\n\t\t\t\t\t\t\t<svg aria-hidden=\"true\" class=\"e-font-icon-svg e-fas-arrow-circle-right\" viewbox=\"0 0 512 512\" xmlns=\"http:\/\/www.w3.org\/2000\/svg\"><path d=\"M256 8c137 0 248 111 248 248S393 504 256 504 8 393 8 256 119 8 256 8zm-28.9 143.6l75.5 72.4H120c-13.3 0-24 10.7-24 24v16c0 13.3 10.7 24 24 24h182.6l-75.5 72.4c-9.7 9.3-9.9 24.8-.4 34.3l11 10.9c9.4 9.4 24.6 9.4 33.9 0L404.3 273c9.4-9.4 9.4-24.6 0-33.9L271.6 106.3c-9.4-9.4-24.6-9.4-33.9 0l-11 10.9c-9.5 9.6-9.3 25.1.4 34.4z\"><\/path><\/svg>\t\t\t\t\t\t<\/span>\n\t\t\t\t\t\t\t\t\t\t<span class=\"elementor-icon-list-text\">\u00c9tanch\u00e9it\u00e9<\/span>\n\t\t\t\t\t\t\t\t\t\t\t<\/a>\n\t\t\t\t\t\t\t\t\t<\/li>\n\t\t\t\t\t\t\t\t<li class=\"elementor-icon-list-item\">\n\t\t\t\t\t\t\t\t\t\t\t<a href=\"https:\/passive-house-expertise\/\">\n\n\t\t\t\t\t\t\t\t\t\t\t\t<span class=\"elementor-icon-list-icon\">\n\t\t\t\t\t\t\t<svg aria-hidden=\"true\" class=\"e-font-icon-svg e-fas-arrow-circle-right\" viewbox=\"0 0 512 512\" xmlns=\"http:\/\/www.w3.org\/2000\/svg\"><path d=\"M256 8c137 0 248 111 248 248S393 504 256 504 8 393 8 256 119 8 256 8zm-28.9 143.6l75.5 72.4H120c-13.3 0-24 10.7-24 24v16c0 13.3 10.7 24 24 24h182.6l-75.5 72.4c-9.7 9.3-9.9 24.8-.4 34.3l11 10.9c9.4 9.4 24.6 9.4 33.9 0L404.3 273c9.4-9.4 9.4-24.6 0-33.9L271.6 106.3c-9.4-9.4-24.6-9.4-33.9 0l-11 10.9c-9.5 9.6-9.3 25.1.4 34.4z\"><\/path><\/svg>\t\t\t\t\t\t<\/span>\n\t\t\t\t\t\t\t\t\t\t<span class=\"elementor-icon-list-text\">Expertise en maison passive<\/span>\n\t\t\t\t\t\t\t\t\t\t\t<\/a>\n\t\t\t\t\t\t\t\t\t<\/li>\n\t\t\t\t\t\t\t\t<li class=\"elementor-icon-list-item\">\n\t\t\t\t\t\t\t\t\t\t\t<a href=\"https:\/voorbereiding-voor-pur-isolatie\/\">\n\n\t\t\t\t\t\t\t\t\t\t\t\t<span class=\"elementor-icon-list-icon\">\n\t\t\t\t\t\t\t<svg aria-hidden=\"true\" class=\"e-font-icon-svg e-fas-arrow-circle-right\" viewbox=\"0 0 512 512\" xmlns=\"http:\/\/www.w3.org\/2000\/svg\"><path d=\"M256 8c137 0 248 111 248 248S393 504 256 504 8 393 8 256 119 8 256 8zm-28.9 143.6l75.5 72.4H120c-13.3 0-24 10.7-24 24v16c0 13.3 10.7 24 24 24h182.6l-75.5 72.4c-9.7 9.3-9.9 24.8-.4 34.3l11 10.9c9.4 9.4 24.6 9.4 33.9 0L404.3 273c9.4-9.4 9.4-24.6 0-33.9L271.6 106.3c-9.4-9.4-24.6-9.4-33.9 0l-11 10.9c-9.5 9.6-9.3 25.1.4 34.4z\"><\/path><\/svg>\t\t\t\t\t\t<\/span>\n\t\t\t\t\t\t\t\t\t\t<span class=\"elementor-icon-list-text\">Pr\u00e9paration pour l'isolation PUR<\/span>\n\t\t\t\t\t\t\t\t\t\t\t<\/a>\n\t\t\t\t\t\t\t\t\t<\/li>\n\t\t\t\t\t\t\t\t<li class=\"elementor-icon-list-item\">\n\t\t\t\t\t\t\t\t\t\t\t<a href=\"https:\/cleaning-service\/\">\n\n\t\t\t\t\t\t\t\t\t\t\t\t<span class=\"elementor-icon-list-icon\">\n\t\t\t\t\t\t\t<svg aria-hidden=\"true\" class=\"e-font-icon-svg e-fas-arrow-circle-right\" viewbox=\"0 0 512 512\" xmlns=\"http:\/\/www.w3.org\/2000\/svg\"><path d=\"M256 8c137 0 248 111 248 248S393 504 256 504 8 393 8 256 119 8 256 8zm-28.9 143.6l75.5 72.4H120c-13.3 0-24 10.7-24 24v16c0 13.3 10.7 24 24 24h182.6l-75.5 72.4c-9.7 9.3-9.9 24.8-.4 34.3l11 10.9c9.4 9.4 24.6 9.4 33.9 0L404.3 273c9.4-9.4 9.4-24.6 0-33.9L271.6 106.3c-9.4-9.4-24.6-9.4-33.9 0l-11 10.9c-9.5 9.6-9.3 25.1.4 34.4z\"><\/path><\/svg>\t\t\t\t\t\t<\/span>\n\t\t\t\t\t\t\t\t\t\t<span class=\"elementor-icon-list-text\">Service de nettoyage<\/span>\n\t\t\t\t\t\t\t\t\t\t\t<\/a>\n\t\t\t\t\t\t\t\t\t<\/li>\n\t\t\t\t\t\t\t\t<li class=\"elementor-icon-list-item\">\n\t\t\t\t\t\t\t\t\t\t\t<a href=\"https:\/luchtdichting\/\">\n\n\t\t\t\t\t\t\t\t\t\t\t\t<span class=\"elementor-icon-list-icon\">\n\t\t\t\t\t\t\t<svg aria-hidden=\"true\" class=\"e-font-icon-svg e-fas-arrow-circle-right\" viewbox=\"0 0 512 512\" xmlns=\"http:\/\/www.w3.org\/2000\/svg\"><path d=\"M256 8c137 0 248 111 248 248S393 504 256 504 8 393 8 256 119 8 256 8zm-28.9 143.6l75.5 72.4H120c-13.3 0-24 10.7-24 24v16c0 13.3 10.7 24 24 24h182.6l-75.5 72.4c-9.7 9.3-9.9 24.8-.4 34.3l11 10.9c9.4 9.4 24.6 9.4 33.9 0L404.3 273c9.4-9.4 9.4-24.6 0-33.9L271.6 106.3c-9.4-9.4-24.6-9.4-33.9 0l-11 10.9c-9.5 9.6-9.3 25.1.4 34.4z\"><\/path><\/svg>\t\t\t\t\t\t<\/span>\n\t\t\t\t\t\t\t\t\t\t<span class=\"elementor-icon-list-text\">\u00c9tanch\u00e9it\u00e9 \u00e0 l'air<\/span>\n\t\t\t\t\t\t\t\t\t\t\t<\/a>\n\t\t\t\t\t\t\t\t\t<\/li>\n\t\t\t\t\t\t\t\t<li class=\"elementor-icon-list-item\">\n\t\t\t\t\t\t\t\t\t\t\t<span class=\"elementor-icon-list-icon\">\n\t\t\t\t\t\t\t<svg aria-hidden=\"true\" class=\"e-font-icon-svg e-fas-arrow-circle-right\" viewbox=\"0 0 512 512\" xmlns=\"http:\/\/www.w3.org\/2000\/svg\"><path d=\"M256 8c137 0 248 111 248 248S393 504 256 504 8 393 8 256 119 8 256 8zm-28.9 143.6l75.5 72.4H120c-13.3 0-24 10.7-24 24v16c0 13.3 10.7 24 24 24h182.6l-75.5 72.4c-9.7 9.3-9.9 24.8-.4 34.3l11 10.9c9.4 9.4 24.6 9.4 33.9 0L404.3 273c9.4-9.4 9.4-24.6 0-33.9L271.6 106.3c-9.4-9.4-24.6-9.4-33.9 0l-11 10.9c-9.5 9.6-9.3 25.1.4 34.4z\"><\/path><\/svg>\t\t\t\t\t\t<\/span>\n\t\t\t\t\t\t\t\t\t\t<span class=\"elementor-icon-list-text\">Isolation<\/span>\n\t\t\t\t\t\t\t\t\t<\/li>\n\t\t\t\t\t\t<\/ul>\n\t\t\t\t\t\t<\/div>\n\t\t\t\t<\/div>\n\t\t\t\t<\/div>\n\t\t<div class=\"elementor-element elementor-element-21f515e e-con-full e-flex e-con e-child\" data-id=\"21f515e\" data-element_type=\"container\" data-settings=\"{&quot;background_background&quot;:&quot;classic&quot;}\">\n\t\t\t\t<div class=\"elementor-element elementor-element-06ba71e elementor-widget elementor-widget-heading\" data-id=\"06ba71e\" data-element_type=\"widget\" data-widget_type=\"heading.default\">\n\t\t\t\t<div class=\"elementor-widget-container\">\n\t\t\t\t\t<h4 class=\"elementor-heading-title elementor-size-default\">Demande de devis<\/h4>\t\t\t\t<\/div>\n\t\t\t\t<\/div>\n\t\t\t\t<div class=\"elementor-element elementor-element-120e7e6 elementor-widget elementor-widget-text-editor\" data-id=\"120e7e6\" data-element_type=\"widget\" data-widget_type=\"text-editor.default\">\n\t\t\t\t<div class=\"elementor-widget-container\">\n\t\t\t\t\t\t\t\t\t<p>Demandez un devis sans engagement via notre formulaire de contact et nous vous r\u00e9pondrons dans les plus brefs d\u00e9lais !<\/p>\t\t\t\t\t\t\t\t<\/div>\n\t\t\t\t<\/div>\n\t\t\t\t<div class=\"elementor-element elementor-element-c9da03b elementor-mobile-align-center elementor-align-center elementor-widget elementor-widget-button\" data-id=\"c9da03b\" data-element_type=\"widget\" data-widget_type=\"button.default\">\n\t\t\t\t<div class=\"elementor-widget-container\">\n\t\t\t\t\t\t\t\t\t<div class=\"elementor-button-wrapper\">\n\t\t\t\t\t<a class=\"elementor-button elementor-button-link elementor-size-sm\" href=\"https:\/contact\/\">\n\t\t\t\t\t\t<span class=\"elementor-button-content-wrapper\">\n\t\t\t\t\t\t\t\t\t<span class=\"elementor-button-text\">Contact<\/span>\n\t\t\t\t\t<\/span>\n\t\t\t\t\t<\/a>\n\t\t\t\t<\/div>\n\t\t\t\t\t\t\t\t<\/div>\n\t\t\t\t<\/div>\n\t\t\t\t<\/div>\n\t\t\t\t<\/div>\n\t\t<div class=\"elementor-element elementor-element-37315dd e-con-full e-flex e-con e-child\" data-id=\"37315dd\" data-element_type=\"container\">\n\t\t\t\t<div class=\"elementor-element elementor-element-1e5f87c elementor-widget elementor-widget-heading\" data-id=\"1e5f87c\" data-element_type=\"widget\" data-widget_type=\"heading.default\">\n\t\t\t\t<div class=\"elementor-widget-container\">\n\t\t\t\t\t<h2 class=\"elementor-heading-title elementor-size-default\">\u00c9conomisez de l'\u00e9nergie et augmentez votre confort\n<\/h2>\t\t\t\t<\/div>\n\t\t\t\t<\/div>\n\t\t\t\t<div class=\"elementor-element elementor-element-8ed93f4 elementor-widget elementor-widget-text-editor\" data-id=\"8ed93f4\" data-element_type=\"widget\" data-widget_type=\"text-editor.default\">\n\t\t\t\t<div class=\"elementor-widget-container\">\n\t\t\t\t\t\t\t\t\t<p data-pm-slice=\"1 1 []\">Een goed ge\u00efsoleerd gebouw is essentieel voor energiezuinig wonen en werken. Isolatie vermindert warmteverlies, verlaagt uw energiefactuur en draagt bij aan een aangenaam binnenklimaat. L-CI biedt geavanceerde gevelisolatietechnieken die uw woning of bedrijfsgebouw optimaal beschermen tegen temperatuurschommelingen en vochtproblemen.<\/p>\t\t\t\t\t\t\t\t<\/div>\n\t\t\t\t<\/div>\n\t\t\t\t<div class=\"elementor-element elementor-element-54897b8 elementor-widget elementor-widget-image\" data-id=\"54897b8\" data-element_type=\"widget\" data-widget_type=\"image.default\">\n\t\t\t\t<div class=\"elementor-widget-container\">\n\t\t\t\t\t\t\t\t\t\t\t\t\t\t\t<img fetchpriority=\"high\" decoding=\"async\" width=\"2048\" height=\"1536\" src=\"https:\/\/l-ci.be\/wp-content\/uploads\/2025\/02\/LCI-1.jpg\" class=\"attachment-full size-full wp-image-578\" alt=\"\" srcset=\"https:\/\/l-ci.be\/wp-content\/uploads\/2025\/02\/LCI-1.jpg 2048w, https:\/\/l-ci.be\/wp-content\/uploads\/2025\/02\/LCI-1-300x225.jpg 300w, https:\/\/l-ci.be\/wp-content\/uploads\/2025\/02\/LCI-1-1024x768.jpg 1024w, https:\/\/l-ci.be\/wp-content\/uploads\/2025\/02\/LCI-1-768x576.jpg 768w, https:\/\/l-ci.be\/wp-content\/uploads\/2025\/02\/LCI-1-1536x1152.jpg 1536w\" sizes=\"(max-width: 2048px) 100vw, 2048px\" \/>\t\t\t\t\t\t\t\t\t\t\t\t\t\t\t<\/div>\n\t\t\t\t<\/div>\n\t\t\t\t<div class=\"elementor-element elementor-element-97cd829 elementor-widget elementor-widget-heading\" data-id=\"97cd829\" data-element_type=\"widget\" data-widget_type=\"heading.default\">\n\t\t\t\t<div class=\"elementor-widget-container\">\n\t\t\t\t\t<h4 class=\"elementor-heading-title elementor-size-default\">Waarom is GEVELisolatie belangrijk?<\/h4>\t\t\t\t<\/div>\n\t\t\t\t<\/div>\n\t\t\t\t<div class=\"elementor-element elementor-element-3002ade elementor-widget elementor-widget-text-editor\" data-id=\"3002ade\" data-element_type=\"widget\" data-widget_type=\"text-editor.default\">\n\t\t\t\t<div class=\"elementor-widget-container\">\n\t\t\t\t\t\t\t\t\t<p data-pm-slice=\"1 1 []\">Cela permet de garder la chaleur \u00e0 l'int\u00e9rieur en hiver et \u00e0 l'ext\u00e9rieur en \u00e9t\u00e9. Cela conduit non seulement \u00e0 des co\u00fbts \u00e9nerg\u00e9tiques plus bas, mais am\u00e9liore \u00e9galement le confort de vie et contribue \u00e0 un environnement plus durable. De plus, vous \u00e9vitez les probl\u00e8mes d'humidit\u00e9 et la formation de moisissures, ce qui prolonge la dur\u00e9e de vie de votre b\u00e2timent.<\/p>\t\t\t\t\t\t\t\t<\/div>\n\t\t\t\t<\/div>\n\t\t\t\t<div class=\"elementor-element elementor-element-fa2dd2b elementor-widget elementor-widget-heading\" data-id=\"fa2dd2b\" data-element_type=\"widget\" data-widget_type=\"heading.default\">\n\t\t\t\t<div class=\"elementor-widget-container\">\n\t\t\t\t\t<h4 class=\"elementor-heading-title elementor-size-default\">Durabilit\u00e9 et \u00e9conomies d'\u00e9nergie<\/h4>\t\t\t\t<\/div>\n\t\t\t\t<\/div>\n\t\t\t\t<div class=\"elementor-element elementor-element-fdb6266 elementor-widget elementor-widget-text-editor\" data-id=\"fdb6266\" data-element_type=\"widget\" data-widget_type=\"text-editor.default\">\n\t\t\t\t<div class=\"elementor-widget-container\">\n\t\t\t\t\t\t\t\t\t<p data-pm-slice=\"1 1 []\">Avec les solutions d'isolation de L-CI, vous \u00e9conomisez non seulement sur vos co\u00fbts \u00e9nerg\u00e9tiques, mais vous contribuez \u00e9galement \u00e0 un meilleur environnement. Un b\u00e2timent bien isol\u00e9 n\u00e9cessite moins d'\u00e9nergie pour le chauffage et la climatisation, ce qui entra\u00eene une r\u00e9duction des \u00e9missions de CO2.<\/p>\t\t\t\t\t\t\t\t<\/div>\n\t\t\t\t<\/div>\n\t\t\t\t<div class=\"elementor-element elementor-element-2527684 elementor-widget elementor-widget-heading\" data-id=\"2527684\" data-element_type=\"widget\" data-widget_type=\"heading.default\">\n\t\t\t\t<div class=\"elementor-widget-container\">\n\t\t\t\t\t<h4 class=\"elementor-heading-title elementor-size-default\">Demandez un devis<\/h4>\t\t\t\t<\/div>\n\t\t\t\t<\/div>\n\t\t\t\t<div class=\"elementor-element elementor-element-a748f6f elementor-widget elementor-widget-text-editor\" data-id=\"a748f6f\" data-element_type=\"widget\" data-widget_type=\"text-editor.default\">\n\t\t\t\t<div class=\"elementor-widget-container\">\n\t\t\t\t\t\t\t\t\t<p data-pm-slice=\"1 1 []\">Vous souhaitez mieux isoler votre maison ou votre b\u00e2timent commercial ? Contactez L-CI pour un devis sans engagement et d\u00e9couvrez comment nous pouvons am\u00e9liorer vos performances \u00e9nerg\u00e9tiques !<\/p>\t\t\t\t\t\t\t\t<\/div>\n\t\t\t\t<\/div>\n\t\t\t\t<\/div>\n\t\t\t\t<\/div>\n\t\t\t\t\t<\/div>\n\t\t\t\t<\/div>\n\t\t\t\t<\/div>","protected":false},"excerpt":{"rendered":"<p>Gevelisolatie in Liedekerke Luchtdichtingtest Waterdichting Passive house expertise Voorbereiding voor PUR-isolatie Cleaning service Luchtdichting Isolatie Vraag een offerte Vraag vrijblijvend een offerte aan via ons contactformulier en wij nemen zo snel mogelijk contact met u op! Contact Bespaar Energie en Verhoog Uw Comfort Een goed ge\u00efsoleerd gebouw is essentieel voor energiezuinig wonen en werken. Isolatie [&hellip;]<\/p>","protected":false},"author":1,"featured_media":636,"parent":0,"menu_order":0,"comment_status":"closed","ping_status":"closed","template":"elementor_header_footer","meta":{"footnotes":""},"class_list":["post-651","page","type-page","status-publish","has-post-thumbnail","hentry"],"yoast_head":"<!-- This site is optimized with the Yoast SEO plugin v26.0 - https:\/\/yoast.com\/wordpress\/plugins\/seo\/ -->\n<title>Gevelisolatie Liedekerke | Isolatie &amp; Renovatie L-CI<\/title>\n<meta name=\"description\" content=\"Op zoek naar aannemer voor gevelisolatie in Liedekerke? Laat je gevel isoleren door een erkend vakbedrijf. Lucht- en waterdicht.\" \/>\n<meta name=\"robots\" content=\"index, follow, max-snippet:-1, max-image-preview:large, max-video-preview:-1\" \/>\n<link rel=\"canonical\" href=\"https:\/\/l-ci.be\/fr\/gevelisolatie-liedekerke\/\" \/>\n<meta property=\"og:locale\" content=\"fr_FR\" \/>\n<meta property=\"og:type\" content=\"article\" \/>\n<meta property=\"og:title\" content=\"Gevelisolatie Liedekerke | Isolatie &amp; Renovatie L-CI\" \/>\n<meta property=\"og:description\" content=\"Op zoek naar aannemer voor gevelisolatie in Liedekerke? Laat je gevel isoleren door een erkend vakbedrijf. Lucht- en waterdicht.\" \/>\n<meta property=\"og:url\" content=\"https:\/\/l-ci.be\/fr\/gevelisolatie-liedekerke\/\" \/>\n<meta property=\"og:site_name\" content=\"Lci\" \/>\n<meta property=\"article:modified_time\" content=\"2025-09-20T11:30:30+00:00\" \/>\n<meta property=\"og:image\" content=\"https:\/\/l-ci.be\/wp-content\/uploads\/2025\/04\/luchtichte-raamen.jpg\" \/>\n\t<meta property=\"og:image:width\" content=\"680\" \/>\n\t<meta property=\"og:image:height\" content=\"510\" \/>\n\t<meta property=\"og:image:type\" content=\"image\/jpeg\" \/>\n<meta name=\"twitter:card\" content=\"summary_large_image\" \/>\n<script type=\"application\/ld+json\" class=\"yoast-schema-graph\">{\"@context\":\"https:\/\/schema.org\",\"@graph\":[{\"@type\":\"WebPage\",\"@id\":\"https:\/\/l-ci.be\/fr\/gevelisolatie-liedekerke\/\",\"url\":\"https:\/\/l-ci.be\/fr\/gevelisolatie-liedekerke\/\",\"name\":\"Gevelisolatie Liedekerke | Isolatie & Renovatie L-CI\",\"isPartOf\":{\"@id\":\"https:\/\/wheat-eagle-680853.hostingersite.com\/fr\/#website\"},\"primaryImageOfPage\":{\"@id\":\"https:\/\/l-ci.be\/fr\/gevelisolatie-liedekerke\/#primaryimage\"},\"image\":{\"@id\":\"https:\/\/l-ci.be\/fr\/gevelisolatie-liedekerke\/#primaryimage\"},\"thumbnailUrl\":\"https:\/\/l-ci.be\/wp-content\/uploads\/2025\/04\/luchtichte-raamen.jpg\",\"datePublished\":\"2025-07-18T06:54:33+00:00\",\"dateModified\":\"2025-09-20T11:30:30+00:00\",\"description\":\"Op zoek naar aannemer voor gevelisolatie in Liedekerke? Laat je gevel isoleren door een erkend vakbedrijf. Lucht- en waterdicht.\",\"breadcrumb\":{\"@id\":\"https:\/\/l-ci.be\/fr\/gevelisolatie-liedekerke\/#breadcrumb\"},\"inLanguage\":\"fr-FR\",\"potentialAction\":[{\"@type\":\"ReadAction\",\"target\":[\"https:\/\/l-ci.be\/fr\/gevelisolatie-liedekerke\/\"]}]},{\"@type\":\"ImageObject\",\"inLanguage\":\"fr-FR\",\"@id\":\"https:\/\/l-ci.be\/fr\/gevelisolatie-liedekerke\/#primaryimage\",\"url\":\"https:\/\/l-ci.be\/wp-content\/uploads\/2025\/04\/luchtichte-raamen.jpg\",\"contentUrl\":\"https:\/\/l-ci.be\/wp-content\/uploads\/2025\/04\/luchtichte-raamen.jpg\",\"width\":680,\"height\":510,\"caption\":\"oplus_0\"},{\"@type\":\"BreadcrumbList\",\"@id\":\"https:\/\/l-ci.be\/fr\/gevelisolatie-liedekerke\/#breadcrumb\",\"itemListElement\":[{\"@type\":\"ListItem\",\"position\":1,\"name\":\"Home\",\"item\":\"https:\/\/wheat-eagle-680853.hostingersite.com\/fr\/\"},{\"@type\":\"ListItem\",\"position\":2,\"name\":\"Gevelisolatie Liedekerke\"}]},{\"@type\":\"WebSite\",\"@id\":\"https:\/\/wheat-eagle-680853.hostingersite.com\/fr\/#website\",\"url\":\"https:\/\/wheat-eagle-680853.hostingersite.com\/fr\/\",\"name\":\"Lci\",\"description\":\"Lci isolatiewerken\",\"potentialAction\":[{\"@type\":\"SearchAction\",\"target\":{\"@type\":\"EntryPoint\",\"urlTemplate\":\"https:\/\/wheat-eagle-680853.hostingersite.com\/fr\/?s={search_term_string}\"},\"query-input\":{\"@type\":\"PropertyValueSpecification\",\"valueRequired\":true,\"valueName\":\"search_term_string\"}}],\"inLanguage\":\"fr-FR\"}]}<\/script>\n<!-- \/ Yoast SEO plugin. -->","yoast_head_json":{"title":"Gevelisolatie Liedekerke | Isolatie & Renovatie L-CI","description":"Op zoek naar aannemer voor gevelisolatie in Liedekerke? Laat je gevel isoleren door een erkend vakbedrijf. Lucht- en waterdicht.","robots":{"index":"index","follow":"follow","max-snippet":"max-snippet:-1","max-image-preview":"max-image-preview:large","max-video-preview":"max-video-preview:-1"},"canonical":"https:\/\/l-ci.be\/fr\/gevelisolatie-liedekerke\/","og_locale":"fr_FR","og_type":"article","og_title":"Gevelisolatie Liedekerke | Isolatie & Renovatie L-CI","og_description":"Op zoek naar aannemer voor gevelisolatie in Liedekerke? Laat je gevel isoleren door een erkend vakbedrijf. Lucht- en waterdicht.","og_url":"https:\/\/l-ci.be\/fr\/gevelisolatie-liedekerke\/","og_site_name":"Lci","article_modified_time":"2025-09-20T11:30:30+00:00","og_image":[{"width":680,"height":510,"url":"https:\/\/l-ci.be\/wp-content\/uploads\/2025\/04\/luchtichte-raamen.jpg","type":"image\/jpeg"}],"twitter_card":"summary_large_image","schema":{"@context":"https:\/\/schema.org","@graph":[{"@type":"WebPage","@id":"https:\/\/l-ci.be\/fr\/gevelisolatie-liedekerke\/","url":"https:\/\/l-ci.be\/fr\/gevelisolatie-liedekerke\/","name":"Gevelisolatie Liedekerke | Isolatie & Renovatie L-CI","isPartOf":{"@id":"https:\/\/wheat-eagle-680853.hostingersite.com\/fr\/#website"},"primaryImageOfPage":{"@id":"https:\/\/l-ci.be\/fr\/gevelisolatie-liedekerke\/#primaryimage"},"image":{"@id":"https:\/\/l-ci.be\/fr\/gevelisolatie-liedekerke\/#primaryimage"},"thumbnailUrl":"https:\/\/l-ci.be\/wp-content\/uploads\/2025\/04\/luchtichte-raamen.jpg","datePublished":"2025-07-18T06:54:33+00:00","dateModified":"2025-09-20T11:30:30+00:00","description":"Op zoek naar aannemer voor gevelisolatie in Liedekerke? Laat je gevel isoleren door een erkend vakbedrijf. Lucht- en waterdicht.","breadcrumb":{"@id":"https:\/\/l-ci.be\/fr\/gevelisolatie-liedekerke\/#breadcrumb"},"inLanguage":"fr-FR","potentialAction":[{"@type":"ReadAction","target":["https:\/\/l-ci.be\/fr\/gevelisolatie-liedekerke\/"]}]},{"@type":"ImageObject","inLanguage":"fr-FR","@id":"https:\/\/l-ci.be\/fr\/gevelisolatie-liedekerke\/#primaryimage","url":"https:\/\/l-ci.be\/wp-content\/uploads\/2025\/04\/luchtichte-raamen.jpg","contentUrl":"https:\/\/l-ci.be\/wp-content\/uploads\/2025\/04\/luchtichte-raamen.jpg","width":680,"height":510,"caption":"oplus_0"},{"@type":"BreadcrumbList","@id":"https:\/\/l-ci.be\/fr\/gevelisolatie-liedekerke\/#breadcrumb","itemListElement":[{"@type":"ListItem","position":1,"name":"Home","item":"https:\/\/wheat-eagle-680853.hostingersite.com\/fr\/"},{"@type":"ListItem","position":2,"name":"Gevelisolatie Liedekerke"}]},{"@type":"WebSite","@id":"https:\/\/wheat-eagle-680853.hostingersite.com\/fr\/#website","url":"https:\/\/wheat-eagle-680853.hostingersite.com\/fr\/","name":"Lci","description":"Lci isolatiewerken","potentialAction":[{"@type":"SearchAction","target":{"@type":"EntryPoint","urlTemplate":"https:\/\/wheat-eagle-680853.hostingersite.com\/fr\/?s={search_term_string}"},"query-input":{"@type":"PropertyValueSpecification","valueRequired":true,"valueName":"search_term_string"}}],"inLanguage":"fr-FR"}]}},"_links":{"self":[{"href":"https:\/\/l-ci.be\/fr\/wp-json\/wp\/v2\/pages\/651","targetHints":{"allow":["GET"]}}],"collection":[{"href":"https:\/\/l-ci.be\/fr\/wp-json\/wp\/v2\/pages"}],"about":[{"href":"https:\/\/l-ci.be\/fr\/wp-json\/wp\/v2\/types\/page"}],"author":[{"embeddable":true,"href":"https:\/\/l-ci.be\/fr\/wp-json\/wp\/v2\/users\/1"}],"replies":[{"embeddable":true,"href":"https:\/\/l-ci.be\/fr\/wp-json\/wp\/v2\/comments?post=651"}],"version-history":[{"count":7,"href":"https:\/\/l-ci.be\/fr\/wp-json\/wp\/v2\/pages\/651\/revisions"}],"predecessor-version":[{"id":691,"href":"https:\/\/l-ci.be\/fr\/wp-json\/wp\/v2\/pages\/651\/revisions\/691"}],"wp:featuredmedia":[{"embeddable":true,"href":"https:\/\/l-ci.be\/fr\/wp-json\/wp\/v2\/media\/636"}],"wp:attachment":[{"href":"https:\/\/l-ci.be\/fr\/wp-json\/wp\/v2\/media?parent=651"}],"curies":[{"name":"wp","href":"https:\/\/api.w.org\/{rel}","templated":true}]}}