{"id":59,"date":"2025-01-25T22:27:26","date_gmt":"2025-01-25T22:27:26","guid":{"rendered":"https:\/?page_id=59"},"modified":"2025-09-26T13:21:36","modified_gmt":"2025-09-26T13:21:36","slug":"waterdichting","status":"publish","type":"page","link":"https:\/\/l-ci.be\/fr\/waterdichting\/","title":{"rendered":"\u00c9TANCH\u00c9IT\u00c9"},"content":{"rendered":"<div data-elementor-type=\"wp-page\" data-elementor-id=\"59\" class=\"elementor elementor-59\" data-elementor-post-type=\"page\">\n\t\t\t\t<div class=\"elementor-element elementor-element-dee02cb e-flex e-con-boxed e-con e-parent\" data-id=\"dee02cb\" data-element_type=\"container\" data-e-type=\"container\" data-settings=\"{&quot;background_background&quot;:&quot;classic&quot;}\">\n\t\t\t\t\t<div class=\"e-con-inner\">\n\t\t\t\t<div class=\"elementor-element elementor-element-40228ce elementor-widget elementor-widget-heading\" data-id=\"40228ce\" data-element_type=\"widget\" data-e-type=\"widget\" data-widget_type=\"heading.default\">\n\t\t\t\t<div class=\"elementor-widget-container\">\n\t\t\t\t\t<h1 class=\"elementor-heading-title elementor-size-default\">\u00c9tanch\u00e9it\u00e9<\/h1>\t\t\t\t<\/div>\n\t\t\t\t<\/div>\n\t\t\t\t\t<\/div>\n\t\t\t\t<\/div>\n\t\t<div class=\"elementor-element elementor-element-4c9071e e-flex e-con-boxed e-con e-parent\" data-id=\"4c9071e\" data-element_type=\"container\" data-e-type=\"container\">\n\t\t\t\t\t<div class=\"e-con-inner\">\n\t\t<div class=\"elementor-element elementor-element-2e3aab3 e-con-full e-flex e-con e-child\" data-id=\"2e3aab3\" data-element_type=\"container\" data-e-type=\"container\">\n\t\t<div class=\"elementor-element elementor-element-99c8fff e-con-full e-flex e-con e-child\" data-id=\"99c8fff\" data-element_type=\"container\" data-e-type=\"container\">\n\t\t<div class=\"elementor-element elementor-element-453abbe e-con-full e-flex e-con e-child\" data-id=\"453abbe\" data-element_type=\"container\" data-e-type=\"container\" data-settings=\"{&quot;background_background&quot;:&quot;classic&quot;}\">\n\t\t\t\t<div class=\"elementor-element elementor-element-7977434 elementor-widget__width-initial elementor-icon-list--layout-traditional elementor-list-item-link-full_width elementor-widget elementor-widget-icon-list\" data-id=\"7977434\" data-element_type=\"widget\" data-e-type=\"widget\" data-widget_type=\"icon-list.default\">\n\t\t\t\t<div class=\"elementor-widget-container\">\n\t\t\t\t\t\t\t<ul class=\"elementor-icon-list-items\">\n\t\t\t\t\t\t\t<li class=\"elementor-icon-list-item\">\n\t\t\t\t\t\t\t\t\t\t\t<a href=\"https:\/luchtdichtingtest\/\">\n\n\t\t\t\t\t\t\t\t\t\t\t\t<span class=\"elementor-icon-list-icon\">\n\t\t\t\t\t\t\t<svg aria-hidden=\"true\" class=\"e-font-icon-svg e-fas-arrow-circle-right\" viewbox=\"0 0 512 512\" xmlns=\"http:\/\/www.w3.org\/2000\/svg\"><path d=\"M256 8c137 0 248 111 248 248S393 504 256 504 8 393 8 256 119 8 256 8zm-28.9 143.6l75.5 72.4H120c-13.3 0-24 10.7-24 24v16c0 13.3 10.7 24 24 24h182.6l-75.5 72.4c-9.7 9.3-9.9 24.8-.4 34.3l11 10.9c9.4 9.4 24.6 9.4 33.9 0L404.3 273c9.4-9.4 9.4-24.6 0-33.9L271.6 106.3c-9.4-9.4-24.6-9.4-33.9 0l-11 10.9c-9.5 9.6-9.3 25.1.4 34.4z\"><\/path><\/svg>\t\t\t\t\t\t<\/span>\n\t\t\t\t\t\t\t\t\t\t<span class=\"elementor-icon-list-text\">Test d'\u00e9tanch\u00e9it\u00e9 \u00e0 l'air<\/span>\n\t\t\t\t\t\t\t\t\t\t\t<\/a>\n\t\t\t\t\t\t\t\t\t<\/li>\n\t\t\t\t\t\t\t\t<li class=\"elementor-icon-list-item\">\n\t\t\t\t\t\t\t\t\t\t\t<span class=\"elementor-icon-list-icon\">\n\t\t\t\t\t\t\t<svg aria-hidden=\"true\" class=\"e-font-icon-svg e-fas-arrow-circle-right\" viewbox=\"0 0 512 512\" xmlns=\"http:\/\/www.w3.org\/2000\/svg\"><path d=\"M256 8c137 0 248 111 248 248S393 504 256 504 8 393 8 256 119 8 256 8zm-28.9 143.6l75.5 72.4H120c-13.3 0-24 10.7-24 24v16c0 13.3 10.7 24 24 24h182.6l-75.5 72.4c-9.7 9.3-9.9 24.8-.4 34.3l11 10.9c9.4 9.4 24.6 9.4 33.9 0L404.3 273c9.4-9.4 9.4-24.6 0-33.9L271.6 106.3c-9.4-9.4-24.6-9.4-33.9 0l-11 10.9c-9.5 9.6-9.3 25.1.4 34.4z\"><\/path><\/svg>\t\t\t\t\t\t<\/span>\n\t\t\t\t\t\t\t\t\t\t<span class=\"elementor-icon-list-text\">\u00c9tanch\u00e9it\u00e9<\/span>\n\t\t\t\t\t\t\t\t\t<\/li>\n\t\t\t\t\t\t\t\t<li class=\"elementor-icon-list-item\">\n\t\t\t\t\t\t\t\t\t\t\t<a href=\"https:\/passive-house-expertise\/\">\n\n\t\t\t\t\t\t\t\t\t\t\t\t<span class=\"elementor-icon-list-icon\">\n\t\t\t\t\t\t\t<svg aria-hidden=\"true\" class=\"e-font-icon-svg e-fas-arrow-circle-right\" viewbox=\"0 0 512 512\" xmlns=\"http:\/\/www.w3.org\/2000\/svg\"><path d=\"M256 8c137 0 248 111 248 248S393 504 256 504 8 393 8 256 119 8 256 8zm-28.9 143.6l75.5 72.4H120c-13.3 0-24 10.7-24 24v16c0 13.3 10.7 24 24 24h182.6l-75.5 72.4c-9.7 9.3-9.9 24.8-.4 34.3l11 10.9c9.4 9.4 24.6 9.4 33.9 0L404.3 273c9.4-9.4 9.4-24.6 0-33.9L271.6 106.3c-9.4-9.4-24.6-9.4-33.9 0l-11 10.9c-9.5 9.6-9.3 25.1.4 34.4z\"><\/path><\/svg>\t\t\t\t\t\t<\/span>\n\t\t\t\t\t\t\t\t\t\t<span class=\"elementor-icon-list-text\">Expertise en maison passive<\/span>\n\t\t\t\t\t\t\t\t\t\t\t<\/a>\n\t\t\t\t\t\t\t\t\t<\/li>\n\t\t\t\t\t\t\t\t<li class=\"elementor-icon-list-item\">\n\t\t\t\t\t\t\t\t\t\t\t<a href=\"https:\/voorbereiding-voor-pur-isolatie\/\">\n\n\t\t\t\t\t\t\t\t\t\t\t\t<span class=\"elementor-icon-list-icon\">\n\t\t\t\t\t\t\t<svg aria-hidden=\"true\" class=\"e-font-icon-svg e-fas-arrow-circle-right\" viewbox=\"0 0 512 512\" xmlns=\"http:\/\/www.w3.org\/2000\/svg\"><path d=\"M256 8c137 0 248 111 248 248S393 504 256 504 8 393 8 256 119 8 256 8zm-28.9 143.6l75.5 72.4H120c-13.3 0-24 10.7-24 24v16c0 13.3 10.7 24 24 24h182.6l-75.5 72.4c-9.7 9.3-9.9 24.8-.4 34.3l11 10.9c9.4 9.4 24.6 9.4 33.9 0L404.3 273c9.4-9.4 9.4-24.6 0-33.9L271.6 106.3c-9.4-9.4-24.6-9.4-33.9 0l-11 10.9c-9.5 9.6-9.3 25.1.4 34.4z\"><\/path><\/svg>\t\t\t\t\t\t<\/span>\n\t\t\t\t\t\t\t\t\t\t<span class=\"elementor-icon-list-text\">Pr\u00e9paration pour l'isolation PUR<\/span>\n\t\t\t\t\t\t\t\t\t\t\t<\/a>\n\t\t\t\t\t\t\t\t\t<\/li>\n\t\t\t\t\t\t\t\t<li class=\"elementor-icon-list-item\">\n\t\t\t\t\t\t\t\t\t\t\t<a href=\"https:\/cleaning-service\/\">\n\n\t\t\t\t\t\t\t\t\t\t\t\t<span class=\"elementor-icon-list-icon\">\n\t\t\t\t\t\t\t<svg aria-hidden=\"true\" class=\"e-font-icon-svg e-fas-arrow-circle-right\" viewbox=\"0 0 512 512\" xmlns=\"http:\/\/www.w3.org\/2000\/svg\"><path d=\"M256 8c137 0 248 111 248 248S393 504 256 504 8 393 8 256 119 8 256 8zm-28.9 143.6l75.5 72.4H120c-13.3 0-24 10.7-24 24v16c0 13.3 10.7 24 24 24h182.6l-75.5 72.4c-9.7 9.3-9.9 24.8-.4 34.3l11 10.9c9.4 9.4 24.6 9.4 33.9 0L404.3 273c9.4-9.4 9.4-24.6 0-33.9L271.6 106.3c-9.4-9.4-24.6-9.4-33.9 0l-11 10.9c-9.5 9.6-9.3 25.1.4 34.4z\"><\/path><\/svg>\t\t\t\t\t\t<\/span>\n\t\t\t\t\t\t\t\t\t\t<span class=\"elementor-icon-list-text\">Service de nettoyage<\/span>\n\t\t\t\t\t\t\t\t\t\t\t<\/a>\n\t\t\t\t\t\t\t\t\t<\/li>\n\t\t\t\t\t\t\t\t<li class=\"elementor-icon-list-item\">\n\t\t\t\t\t\t\t\t\t\t\t<a href=\"https:\/luchtdichting\/\">\n\n\t\t\t\t\t\t\t\t\t\t\t\t<span class=\"elementor-icon-list-icon\">\n\t\t\t\t\t\t\t<svg aria-hidden=\"true\" class=\"e-font-icon-svg e-fas-arrow-circle-right\" viewbox=\"0 0 512 512\" xmlns=\"http:\/\/www.w3.org\/2000\/svg\"><path d=\"M256 8c137 0 248 111 248 248S393 504 256 504 8 393 8 256 119 8 256 8zm-28.9 143.6l75.5 72.4H120c-13.3 0-24 10.7-24 24v16c0 13.3 10.7 24 24 24h182.6l-75.5 72.4c-9.7 9.3-9.9 24.8-.4 34.3l11 10.9c9.4 9.4 24.6 9.4 33.9 0L404.3 273c9.4-9.4 9.4-24.6 0-33.9L271.6 106.3c-9.4-9.4-24.6-9.4-33.9 0l-11 10.9c-9.5 9.6-9.3 25.1.4 34.4z\"><\/path><\/svg>\t\t\t\t\t\t<\/span>\n\t\t\t\t\t\t\t\t\t\t<span class=\"elementor-icon-list-text\">\u00c9tanch\u00e9it\u00e9 \u00e0 l'air<\/span>\n\t\t\t\t\t\t\t\t\t\t\t<\/a>\n\t\t\t\t\t\t\t\t\t<\/li>\n\t\t\t\t\t\t\t\t<li class=\"elementor-icon-list-item\">\n\t\t\t\t\t\t\t\t\t\t\t<a href=\"https:\/isolatie\/\">\n\n\t\t\t\t\t\t\t\t\t\t\t\t<span class=\"elementor-icon-list-icon\">\n\t\t\t\t\t\t\t<svg aria-hidden=\"true\" class=\"e-font-icon-svg e-fas-arrow-circle-right\" viewbox=\"0 0 512 512\" xmlns=\"http:\/\/www.w3.org\/2000\/svg\"><path d=\"M256 8c137 0 248 111 248 248S393 504 256 504 8 393 8 256 119 8 256 8zm-28.9 143.6l75.5 72.4H120c-13.3 0-24 10.7-24 24v16c0 13.3 10.7 24 24 24h182.6l-75.5 72.4c-9.7 9.3-9.9 24.8-.4 34.3l11 10.9c9.4 9.4 24.6 9.4 33.9 0L404.3 273c9.4-9.4 9.4-24.6 0-33.9L271.6 106.3c-9.4-9.4-24.6-9.4-33.9 0l-11 10.9c-9.5 9.6-9.3 25.1.4 34.4z\"><\/path><\/svg>\t\t\t\t\t\t<\/span>\n\t\t\t\t\t\t\t\t\t\t<span class=\"elementor-icon-list-text\">Isolation<\/span>\n\t\t\t\t\t\t\t\t\t\t\t<\/a>\n\t\t\t\t\t\t\t\t\t<\/li>\n\t\t\t\t\t\t<\/ul>\n\t\t\t\t\t\t<\/div>\n\t\t\t\t<\/div>\n\t\t\t\t<\/div>\n\t\t<div class=\"elementor-element elementor-element-60c736b e-con-full e-flex e-con e-child\" data-id=\"60c736b\" data-element_type=\"container\" data-e-type=\"container\" data-settings=\"{&quot;background_background&quot;:&quot;classic&quot;}\">\n\t\t\t\t<div class=\"elementor-element elementor-element-26feaa7 elementor-widget elementor-widget-heading\" data-id=\"26feaa7\" data-element_type=\"widget\" data-e-type=\"widget\" data-widget_type=\"heading.default\">\n\t\t\t\t<div class=\"elementor-widget-container\">\n\t\t\t\t\t<h4 class=\"elementor-heading-title elementor-size-default\">Demande de devis<\/h4>\t\t\t\t<\/div>\n\t\t\t\t<\/div>\n\t\t\t\t<div class=\"elementor-element elementor-element-e47b5d4 elementor-widget elementor-widget-text-editor\" data-id=\"e47b5d4\" data-element_type=\"widget\" data-e-type=\"widget\" data-widget_type=\"text-editor.default\">\n\t\t\t\t<div class=\"elementor-widget-container\">\n\t\t\t\t\t\t\t\t\t<p>Demandez un devis sans engagement via notre formulaire de contact et nous vous r\u00e9pondrons dans les plus brefs d\u00e9lais !<\/p>\t\t\t\t\t\t\t\t<\/div>\n\t\t\t\t<\/div>\n\t\t\t\t<div class=\"elementor-element elementor-element-e2e89c4 elementor-mobile-align-center elementor-align-center elementor-widget elementor-widget-button\" data-id=\"e2e89c4\" data-element_type=\"widget\" data-e-type=\"widget\" data-widget_type=\"button.default\">\n\t\t\t\t<div class=\"elementor-widget-container\">\n\t\t\t\t\t\t\t\t\t<div class=\"elementor-button-wrapper\">\n\t\t\t\t\t<a class=\"elementor-button elementor-button-link elementor-size-sm\" href=\"https:\/contact\/\">\n\t\t\t\t\t\t<span class=\"elementor-button-content-wrapper\">\n\t\t\t\t\t\t\t\t\t<span class=\"elementor-button-text\">Contact<\/span>\n\t\t\t\t\t<\/span>\n\t\t\t\t\t<\/a>\n\t\t\t\t<\/div>\n\t\t\t\t\t\t\t\t<\/div>\n\t\t\t\t<\/div>\n\t\t\t\t<\/div>\n\t\t\t\t<\/div>\n\t\t<div class=\"elementor-element elementor-element-1338a42 e-con-full e-flex e-con e-child\" data-id=\"1338a42\" data-element_type=\"container\" data-e-type=\"container\">\n\t\t\t\t<div class=\"elementor-element elementor-element-3320d98 elementor-widget elementor-widget-heading\" data-id=\"3320d98\" data-element_type=\"widget\" data-e-type=\"widget\" data-widget_type=\"heading.default\">\n\t\t\t\t<div class=\"elementor-widget-container\">\n\t\t\t\t\t<h2 class=\"elementor-heading-title elementor-size-default\">\u00c9tanch\u00e9it\u00e9 : Prot\u00e9gez votre cave, fondation, terrasse et fa\u00e7ade contre l\u2019humidit\u00e9.<\/h2>\t\t\t\t<\/div>\n\t\t\t\t<\/div>\n\t\t\t\t<div class=\"elementor-element elementor-element-0829e25 elementor-widget elementor-widget-text-editor\" data-id=\"0829e25\" data-element_type=\"widget\" data-e-type=\"widget\" data-widget_type=\"text-editor.default\">\n\t\t\t\t<div class=\"elementor-widget-container\">\n\t\t\t\t\t\t\t\t\t<p data-pm-slice=\"1 1 []\">Les probl\u00e8mes d\u2019humidit\u00e9 peuvent causer de graves dommages \u00e0 votre maison ou b\u00e2timent professionnel. Une \u00e9tanch\u00e9it\u00e9 professionnelle pr\u00e9vient l\u2019infiltration d\u2019eau et prot\u00e8ge votre b\u00e2timent contre la moisissure, la d\u00e9gradation du b\u00e9ton et les dommages structurels. L-CI est sp\u00e9cialiste en \u00e9tanch\u00e9it\u00e9 et propose des solutions durables pour les murs de cave, les fondations, les terrasses et les fa\u00e7ades.<\/p>\t\t\t\t\t\t\t\t<\/div>\n\t\t\t\t<\/div>\n\t\t\t\t<div class=\"elementor-element elementor-element-2ab9d82 elementor-widget elementor-widget-image\" data-id=\"2ab9d82\" data-element_type=\"widget\" data-e-type=\"widget\" data-widget_type=\"image.default\">\n\t\t\t\t<div class=\"elementor-widget-container\">\n\t\t\t\t\t\t\t\t\t\t\t\t\t\t\t<img fetchpriority=\"high\" decoding=\"async\" width=\"2560\" height=\"1706\" src=\"https:\/\/l-ci.be\/wp-content\/uploads\/2025\/02\/worker-specialized-in-mounting-pvc-membranes-2024-02-29-20-45-40-utc-scaled.jpg\" class=\"attachment-full size-full wp-image-511\" alt=\"\" srcset=\"https:\/\/l-ci.be\/wp-content\/uploads\/2025\/02\/worker-specialized-in-mounting-pvc-membranes-2024-02-29-20-45-40-utc-scaled.jpg 2560w, https:\/\/l-ci.be\/wp-content\/uploads\/2025\/02\/worker-specialized-in-mounting-pvc-membranes-2024-02-29-20-45-40-utc-300x200.jpg 300w, https:\/\/l-ci.be\/wp-content\/uploads\/2025\/02\/worker-specialized-in-mounting-pvc-membranes-2024-02-29-20-45-40-utc-1024x683.jpg 1024w, https:\/\/l-ci.be\/wp-content\/uploads\/2025\/02\/worker-specialized-in-mounting-pvc-membranes-2024-02-29-20-45-40-utc-768x512.jpg 768w, https:\/\/l-ci.be\/wp-content\/uploads\/2025\/02\/worker-specialized-in-mounting-pvc-membranes-2024-02-29-20-45-40-utc-1536x1024.jpg 1536w, https:\/\/l-ci.be\/wp-content\/uploads\/2025\/02\/worker-specialized-in-mounting-pvc-membranes-2024-02-29-20-45-40-utc-2048x1365.jpg 2048w\" sizes=\"(max-width: 2560px) 100vw, 2560px\" \/>\t\t\t\t\t\t\t\t\t\t\t\t\t\t\t<\/div>\n\t\t\t\t<\/div>\n\t\t\t\t<div class=\"elementor-element elementor-element-c8736dd elementor-widget elementor-widget-heading\" data-id=\"c8736dd\" data-element_type=\"widget\" data-e-type=\"widget\" data-widget_type=\"heading.default\">\n\t\t\t\t<div class=\"elementor-widget-container\">\n\t\t\t\t\t<h4 class=\"elementor-heading-title elementor-size-default\">Pourquoi l'\u00e9tanch\u00e9it\u00e9 est-elle importante ?<\/h4>\t\t\t\t<\/div>\n\t\t\t\t<\/div>\n\t\t\t\t<div class=\"elementor-element elementor-element-1e47b9f elementor-widget elementor-widget-text-editor\" data-id=\"1e47b9f\" data-element_type=\"widget\" data-e-type=\"widget\" data-widget_type=\"text-editor.default\">\n\t\t\t\t<div class=\"elementor-widget-container\">\n\t\t\t\t\t\t\t\t\t<p data-pm-slice=\"1 1 []\">L'humidit\u00e9 peut s'infiltrer de diff\u00e9rentes mani\u00e8res et causer des dommages \u00e0 votre b\u00e2timent. Sans une \u00e9tanch\u00e9it\u00e9 ad\u00e9quate, les murs de cave peuvent absorber l'humidit\u00e9, les fondations peuvent s'affaiblir, les terrasses peuvent se fissurer et les fa\u00e7ades peuvent \u00eatre d\u00e9t\u00e9rior\u00e9es par les intemp\u00e9ries. Cela peut non seulement entra\u00eener des co\u00fbts d'entretien plus \u00e9lev\u00e9s, mais aussi cr\u00e9er un climat int\u00e9rieur malsain avec des moisissures et des murs humides. En faisant traiter votre b\u00e2timent de mani\u00e8re professionnelle, vous pr\u00e9venez ces probl\u00e8mes et prolongez la dur\u00e9e de vie de votre construction.<\/p>\t\t\t\t\t\t\t\t<\/div>\n\t\t\t\t<\/div>\n\t\t\t\t<div class=\"elementor-element elementor-element-2d327ff elementor-widget elementor-widget-heading\" data-id=\"2d327ff\" data-element_type=\"widget\" data-e-type=\"widget\" data-widget_type=\"heading.default\">\n\t\t\t\t<div class=\"elementor-widget-container\">\n\t\t\t\t\t<h4 class=\"elementor-heading-title elementor-size-default\">Pour cave, fondation et fa\u00e7ade.<\/h4>\t\t\t\t<\/div>\n\t\t\t\t<\/div>\n\t\t<div class=\"elementor-element elementor-element-0a26027 e-con-full e-flex e-con e-child\" data-id=\"0a26027\" data-element_type=\"container\" data-e-type=\"container\">\n\t\t<div class=\"elementor-element elementor-element-0125f04 e-con-full e-flex e-con e-child\" data-id=\"0125f04\" data-element_type=\"container\" data-e-type=\"container\">\n\t\t\t\t<div class=\"elementor-element elementor-element-2b01a0b elementor-widget elementor-widget-text-editor\" data-id=\"2b01a0b\" data-element_type=\"widget\" data-e-type=\"widget\" data-widget_type=\"text-editor.default\">\n\t\t\t\t<div class=\"elementor-widget-container\">\n\t\t\t\t\t\t\t\t\t<p data-pm-slice=\"1 1 []\">Les caves, fondations et fa\u00e7ades sont particuli\u00e8rement sensibles aux probl\u00e8mes d'humidit\u00e9, surtout en cas de nappe phr\u00e9atique \u00e9lev\u00e9e ou de protection insuffisante de la structure du b\u00e2timent. Une \u00e9tanch\u00e9it\u00e9 efficace emp\u00eache l\u2019infiltration d\u2019eau et l\u2019humidit\u00e9 ascensionnelle, garantissant ainsi que votre cave reste s\u00e8che et puisse \u00eatre utilis\u00e9e de mani\u00e8re optimale. De plus, un bon syst\u00e8me d\u2019\u00e9tanch\u00e9it\u00e9 des fondations emp\u00eache l\u2019eau d\u2019endommager le b\u00e9ton, r\u00e9duisant ainsi les risques de dommages structurels et de fissures. Les fa\u00e7ades constituent la premi\u00e8re ligne de d\u00e9fense contre la pluie et l\u2019humidit\u00e9 ; sans une \u00e9tanch\u00e9it\u00e9 ad\u00e9quate, l\u2019eau peut s\u2019infiltrer, provoquant l\u2019effritement des enduits, des taches d\u2019humidit\u00e9 et des probl\u00e8mes structurels. L-CI utilise des techniques de pointe et des traitements efficaces pour prot\u00e9ger durablement caves, fondations et fa\u00e7ades contre l\u2019humidit\u00e9.<\/p>\t\t\t\t\t\t\t\t<\/div>\n\t\t\t\t<\/div>\n\t\t\t\t<\/div>\n\t\t\t\t<\/div>\n\t\t\t\t<div class=\"elementor-element elementor-element-d04df7a elementor-widget elementor-widget-heading\" data-id=\"d04df7a\" data-element_type=\"widget\" data-e-type=\"widget\" data-widget_type=\"heading.default\">\n\t\t\t\t<div class=\"elementor-widget-container\">\n\t\t\t\t\t<h4 class=\"elementor-heading-title elementor-size-default\">Choisissez L-CI, votre partenaire de confiance.<\/h4>\t\t\t\t<\/div>\n\t\t\t\t<\/div>\n\t\t\t\t<div class=\"elementor-element elementor-element-49ff76a elementor-widget elementor-widget-text-editor\" data-id=\"49ff76a\" data-element_type=\"widget\" data-e-type=\"widget\" data-widget_type=\"text-editor.default\">\n\t\t\t\t<div class=\"elementor-widget-container\">\n\t\t\t\t\t\t\t\t\t<p data-pm-slice=\"1 1 []\">L-CI garantit des solutions d'\u00e9tanch\u00e9it\u00e9 de qualit\u00e9 et durables pour les projets de construction neuve et de r\u00e9novation. Gr\u00e2ce \u00e0 des techniques avanc\u00e9es et des mat\u00e9riaux de haute qualit\u00e9, nous assurons une protection efficace de votre b\u00e2timent contre les probl\u00e8mes d'humidit\u00e9.<\/p>\t\t\t\t\t\t\t\t<\/div>\n\t\t\t\t<\/div>\n\t\t\t\t<\/div>\n\t\t\t\t<\/div>\n\t\t\t\t\t<\/div>\n\t\t\t\t<\/div>\n\t\t\t\t<\/div>","protected":false},"excerpt":{"rendered":"<p>Waterdichting Luchtdichtingtest Waterdichting Passive house expertise Voorbereiding voor PUR-isolatie Cleaning service Luchtdichting Isolatie Vraag een offerte Vraag vrijblijvend een offerte aan via ons contactformulier en wij nemen zo snel mogelijk contact met u op! Contact Waterdichting: Bescherm uw kelder, fundering, terras en gevel tegen vocht Waterproblemen kunnen ernstige schade veroorzaken aan uw woning of bedrijfspand. [&hellip;]<\/p>","protected":false},"author":1,"featured_media":0,"parent":0,"menu_order":0,"comment_status":"closed","ping_status":"closed","template":"","meta":{"footnotes":""},"class_list":["post-59","page","type-page","status-publish","hentry"],"yoast_head":"<!-- This site is optimized with the Yoast SEO plugin v27.4 - https:\/\/yoast.com\/product\/yoast-seo-wordpress\/ -->\n<title>Waterdichting Ternat - Voorkom Vochtproblemen | L-CI<\/title>\n<meta name=\"description\" content=\"Kies voor professionele waterdichting van kelderwanden, funderingen, terrassen en gevels. Bescherm uw gebouw tegen vocht en schimmel.\" \/>\n<meta name=\"robots\" content=\"index, follow, max-snippet:-1, max-image-preview:large, max-video-preview:-1\" \/>\n<link rel=\"canonical\" href=\"https:\/\/l-ci.be\/fr\/waterdichting\/\" \/>\n<meta property=\"og:locale\" content=\"fr_FR\" \/>\n<meta property=\"og:type\" content=\"article\" \/>\n<meta property=\"og:title\" content=\"Waterdichting Ternat - Voorkom Vochtproblemen | L-CI\" \/>\n<meta property=\"og:description\" content=\"Kies voor professionele waterdichting van kelderwanden, funderingen, terrassen en gevels. Bescherm uw gebouw tegen vocht en schimmel.\" \/>\n<meta property=\"og:url\" content=\"https:\/\/l-ci.be\/fr\/waterdichting\/\" \/>\n<meta property=\"og:site_name\" content=\"Lci\" \/>\n<meta property=\"article:modified_time\" content=\"2025-09-26T13:21:36+00:00\" \/>\n<meta name=\"twitter:card\" content=\"summary_large_image\" \/>\n<meta name=\"twitter:label1\" content=\"Dur\u00e9e de lecture estim\u00e9e\" \/>\n\t<meta name=\"twitter:data1\" content=\"2 minutes\" \/>\n<script type=\"application\/ld+json\" class=\"yoast-schema-graph\">{\"@context\":\"https:\\\/\\\/schema.org\",\"@graph\":[{\"@type\":\"WebPage\",\"@id\":\"https:\\\/\\\/l-ci.be\\\/waterdichting\\\/\",\"url\":\"https:\\\/\\\/l-ci.be\\\/waterdichting\\\/\",\"name\":\"Waterdichting Ternat - Voorkom Vochtproblemen | L-CI\",\"isPartOf\":{\"@id\":\"https:\\\/\\\/l-ci.be\\\/#website\"},\"datePublished\":\"2025-01-25T22:27:26+00:00\",\"dateModified\":\"2025-09-26T13:21:36+00:00\",\"description\":\"Kies voor professionele waterdichting van kelderwanden, funderingen, terrassen en gevels. Bescherm uw gebouw tegen vocht en schimmel.\",\"breadcrumb\":{\"@id\":\"https:\\\/\\\/l-ci.be\\\/waterdichting\\\/#breadcrumb\"},\"inLanguage\":\"fr-FR\",\"potentialAction\":[{\"@type\":\"ReadAction\",\"target\":[\"https:\\\/\\\/l-ci.be\\\/waterdichting\\\/\"]}]},{\"@type\":\"BreadcrumbList\",\"@id\":\"https:\\\/\\\/l-ci.be\\\/waterdichting\\\/#breadcrumb\",\"itemListElement\":[{\"@type\":\"ListItem\",\"position\":1,\"name\":\"Home\",\"item\":\"https:\\\/\\\/l-ci.be\\\/\"},{\"@type\":\"ListItem\",\"position\":2,\"name\":\"WATERDICHTING\"}]},{\"@type\":\"WebSite\",\"@id\":\"https:\\\/\\\/l-ci.be\\\/#website\",\"url\":\"https:\\\/\\\/l-ci.be\\\/\",\"name\":\"Lci\",\"description\":\"Lci isolatiewerken\",\"potentialAction\":[{\"@type\":\"SearchAction\",\"target\":{\"@type\":\"EntryPoint\",\"urlTemplate\":\"https:\\\/\\\/l-ci.be\\\/?s={search_term_string}\"},\"query-input\":{\"@type\":\"PropertyValueSpecification\",\"valueRequired\":true,\"valueName\":\"search_term_string\"}}],\"inLanguage\":\"fr-FR\"}]}<\/script>\n<!-- \/ Yoast SEO plugin. -->","yoast_head_json":{"title":"Waterdichting Ternat - Voorkom Vochtproblemen | L-CI","description":"Kies voor professionele waterdichting van kelderwanden, funderingen, terrassen en gevels. Bescherm uw gebouw tegen vocht en schimmel.","robots":{"index":"index","follow":"follow","max-snippet":"max-snippet:-1","max-image-preview":"max-image-preview:large","max-video-preview":"max-video-preview:-1"},"canonical":"https:\/\/l-ci.be\/fr\/waterdichting\/","og_locale":"fr_FR","og_type":"article","og_title":"Waterdichting Ternat - Voorkom Vochtproblemen | L-CI","og_description":"Kies voor professionele waterdichting van kelderwanden, funderingen, terrassen en gevels. Bescherm uw gebouw tegen vocht en schimmel.","og_url":"https:\/\/l-ci.be\/fr\/waterdichting\/","og_site_name":"Lci","article_modified_time":"2025-09-26T13:21:36+00:00","twitter_card":"summary_large_image","twitter_misc":{"Dur\u00e9e de lecture estim\u00e9e":"2 minutes"},"schema":{"@context":"https:\/\/schema.org","@graph":[{"@type":"WebPage","@id":"https:\/\/l-ci.be\/waterdichting\/","url":"https:\/\/l-ci.be\/waterdichting\/","name":"Waterdichting Ternat - Voorkom Vochtproblemen | L-CI","isPartOf":{"@id":"https:\/\/l-ci.be\/#website"},"datePublished":"2025-01-25T22:27:26+00:00","dateModified":"2025-09-26T13:21:36+00:00","description":"Kies voor professionele waterdichting van kelderwanden, funderingen, terrassen en gevels. Bescherm uw gebouw tegen vocht en schimmel.","breadcrumb":{"@id":"https:\/\/l-ci.be\/waterdichting\/#breadcrumb"},"inLanguage":"fr-FR","potentialAction":[{"@type":"ReadAction","target":["https:\/\/l-ci.be\/waterdichting\/"]}]},{"@type":"BreadcrumbList","@id":"https:\/\/l-ci.be\/waterdichting\/#breadcrumb","itemListElement":[{"@type":"ListItem","position":1,"name":"Home","item":"https:\/\/l-ci.be\/"},{"@type":"ListItem","position":2,"name":"WATERDICHTING"}]},{"@type":"WebSite","@id":"https:\/\/l-ci.be\/#website","url":"https:\/\/l-ci.be\/","name":"Lci","description":"Lci isolatiewerken","potentialAction":[{"@type":"SearchAction","target":{"@type":"EntryPoint","urlTemplate":"https:\/\/l-ci.be\/?s={search_term_string}"},"query-input":{"@type":"PropertyValueSpecification","valueRequired":true,"valueName":"search_term_string"}}],"inLanguage":"fr-FR"}]}},"_links":{"self":[{"href":"https:\/\/l-ci.be\/fr\/wp-json\/wp\/v2\/pages\/59","targetHints":{"allow":["GET"]}}],"collection":[{"href":"https:\/\/l-ci.be\/fr\/wp-json\/wp\/v2\/pages"}],"about":[{"href":"https:\/\/l-ci.be\/fr\/wp-json\/wp\/v2\/types\/page"}],"author":[{"embeddable":true,"href":"https:\/\/l-ci.be\/fr\/wp-json\/wp\/v2\/users\/1"}],"replies":[{"embeddable":true,"href":"https:\/\/l-ci.be\/fr\/wp-json\/wp\/v2\/comments?post=59"}],"version-history":[{"count":17,"href":"https:\/\/l-ci.be\/fr\/wp-json\/wp\/v2\/pages\/59\/revisions"}],"predecessor-version":[{"id":526,"href":"https:\/\/l-ci.be\/fr\/wp-json\/wp\/v2\/pages\/59\/revisions\/526"}],"wp:attachment":[{"href":"https:\/\/l-ci.be\/fr\/wp-json\/wp\/v2\/media?parent=59"}],"curies":[{"name":"wp","href":"https:\/\/api.w.org\/{rel}","templated":true}]}}